{"id":2769,"date":"2022-12-19T00:49:24","date_gmt":"2022-12-19T05:49:24","guid":{"rendered":"https:\/\/tapas2go.net\/?page_id=2769"},"modified":"2025-09-02T13:04:29","modified_gmt":"2025-09-02T17:04:29","slug":"appetizer-salads-carpaccios","status":"publish","type":"page","link":"https:\/\/tapas2go.net\/es\/appetizer-salads-carpaccios\/","title":{"rendered":"Aperitivos, Ensaladas y Carpaccios"},"content":{"rendered":"<div data-elementor-type=\"wp-page\" data-elementor-id=\"2769\" class=\"elementor elementor-2769\" data-elementor-post-type=\"page\">\n\t\t\t\t\t\t<section data-particle_enable=\"false\" data-particle-mobile-disabled=\"false\" class=\"elementor-section elementor-top-section elementor-element elementor-element-1b52d94 elementor-section-full_width elementor-section-height-min-height elementor-section-items-bottom elementor-section-height-default\" data-id=\"1b52d94\" data-element_type=\"section\" data-e-type=\"section\" data-settings=\"{&quot;background_background&quot;:&quot;classic&quot;,&quot;ekit_has_onepagescroll_dot&quot;:&quot;yes&quot;}\">\n\t\t\t\t\t\t\t<div class=\"elementor-background-overlay\"><\/div>\n\t\t\t\t\t\t\t<div class=\"elementor-container elementor-column-gap-wide\">\n\t\t\t\t\t<div class=\"elementor-column elementor-col-100 elementor-top-column elementor-element elementor-element-5cb9748\" data-id=\"5cb9748\" data-element_type=\"column\" data-e-type=\"column\">\n\t\t\t<div class=\"elementor-widget-wrap elementor-element-populated\">\n\t\t\t\t\t\t<div class=\"elementor-element elementor-element-7fef087 elementor-widget elementor-widget-heading\" data-id=\"7fef087\" data-element_type=\"widget\" data-e-type=\"widget\" data-settings=\"{&quot;ekit_we_effect_on&quot;:&quot;none&quot;}\" data-widget_type=\"heading.default\">\n\t\t\t\t<div class=\"elementor-widget-container\">\n\t\t\t\t\t<h2 class=\"elementor-heading-title elementor-size-default\">Appetizers, Salads &amp; Carpaccios<\/h2>\t\t\t\t<\/div>\n\t\t\t\t<\/div>\n\t\t\t\t\t<\/div>\n\t\t<\/div>\n\t\t\t\t\t<\/div>\n\t\t<\/section>\n\t\t<div data-particle_enable=\"false\" data-particle-mobile-disabled=\"false\" class=\"elementor-element elementor-element-2198012 e-con-full e-flex e-con e-parent\" data-id=\"2198012\" data-element_type=\"container\" data-e-type=\"container\" data-settings=\"{&quot;ekit_has_onepagescroll_dot&quot;:&quot;yes&quot;}\">\n\t\t<div data-particle_enable=\"false\" data-particle-mobile-disabled=\"false\" class=\"elementor-element elementor-element-505dacc e-con-full e-flex e-con e-child\" data-id=\"505dacc\" data-element_type=\"container\" data-e-type=\"container\" data-settings=\"{&quot;ekit_has_onepagescroll_dot&quot;:&quot;yes&quot;}\">\n\t\t\t\t<div class=\"elementor-element elementor-element-e18e434 elementor-widget elementor-widget-heading\" data-id=\"e18e434\" data-element_type=\"widget\" data-e-type=\"widget\" data-settings=\"{&quot;ekit_we_effect_on&quot;:&quot;none&quot;}\" data-widget_type=\"heading.default\">\n\t\t\t\t<div class=\"elementor-widget-container\">\n\t\t\t\t\t<h2 class=\"elementor-heading-title elementor-size-default\">Entradas<\/h2>\t\t\t\t<\/div>\n\t\t\t\t<\/div>\n\t\t\t\t<div class=\"elementor-element elementor-element-96769ba elementor-widget-divider--view-line elementor-widget elementor-widget-divider\" data-id=\"96769ba\" data-element_type=\"widget\" data-e-type=\"widget\" data-settings=\"{&quot;ekit_we_effect_on&quot;:&quot;none&quot;}\" data-widget_type=\"divider.default\">\n\t\t\t\t<div class=\"elementor-widget-container\">\n\t\t\t\t\t\t\t<div class=\"elementor-divider\">\n\t\t\t<span class=\"elementor-divider-separator\">\n\t\t\t\t\t\t<\/span>\n\t\t<\/div>\n\t\t\t\t\t\t<\/div>\n\t\t\t\t<\/div>\n\t\t\t\t<div class=\"elementor-element elementor-element-bd3694d elementor-widget__width-initial elementor-widget elementor-widget-shortcode\" data-id=\"bd3694d\" data-element_type=\"widget\" data-e-type=\"widget\" data-settings=\"{&quot;ekit_we_effect_on&quot;:&quot;none&quot;}\" data-widget_type=\"shortcode.default\">\n\t\t\t\t<div class=\"elementor-widget-container\">\n\t\t\t\t\t\t\t<div class=\"elementor-shortcode\"><\/div>\n\t\t\t\t\t\t<\/div>\n\t\t\t\t<\/div>\n\t\t\t\t<\/div>\n\t\t\t\t<\/div>\n\t\t<div data-particle_enable=\"false\" data-particle-mobile-disabled=\"false\" class=\"elementor-element elementor-element-81ec45a e-con-full e-flex e-con e-parent\" data-id=\"81ec45a\" data-element_type=\"container\" data-e-type=\"container\" data-settings=\"{&quot;ekit_has_onepagescroll_dot&quot;:&quot;yes&quot;}\">\n\t\t<div data-particle_enable=\"false\" data-particle-mobile-disabled=\"false\" class=\"elementor-element elementor-element-1ceeb79 e-con-full e-flex e-con e-child\" data-id=\"1ceeb79\" data-element_type=\"container\" data-e-type=\"container\" data-settings=\"{&quot;ekit_has_onepagescroll_dot&quot;:&quot;yes&quot;}\">\n\t\t\t\t<div class=\"elementor-element elementor-element-9bd3760 elementor-widget elementor-widget-heading\" data-id=\"9bd3760\" data-element_type=\"widget\" data-e-type=\"widget\" data-settings=\"{&quot;ekit_we_effect_on&quot;:&quot;none&quot;}\" data-widget_type=\"heading.default\">\n\t\t\t\t<div class=\"elementor-widget-container\">\n\t\t\t\t\t<h2 class=\"elementor-heading-title elementor-size-default\">Platos Principales<\/h2>\t\t\t\t<\/div>\n\t\t\t\t<\/div>\n\t\t\t\t<div class=\"elementor-element elementor-element-c5f2f68 elementor-widget-divider--view-line elementor-widget elementor-widget-divider\" data-id=\"c5f2f68\" data-element_type=\"widget\" data-e-type=\"widget\" data-settings=\"{&quot;ekit_we_effect_on&quot;:&quot;none&quot;}\" data-widget_type=\"divider.default\">\n\t\t\t\t<div class=\"elementor-widget-container\">\n\t\t\t\t\t\t\t<div class=\"elementor-divider\">\n\t\t\t<span class=\"elementor-divider-separator\">\n\t\t\t\t\t\t<\/span>\n\t\t<\/div>\n\t\t\t\t\t\t<\/div>\n\t\t\t\t<\/div>\n\t\t\t\t<div class=\"elementor-element elementor-element-fd9dcf5 elementor-widget__width-initial elementor-widget elementor-widget-shortcode\" data-id=\"fd9dcf5\" data-element_type=\"widget\" data-e-type=\"widget\" data-settings=\"{&quot;ekit_we_effect_on&quot;:&quot;none&quot;}\" data-widget_type=\"shortcode.default\">\n\t\t\t\t<div class=\"elementor-widget-container\">\n\t\t\t\t\t\t\t<div class=\"elementor-shortcode\"><\/div>\n\t\t\t\t\t\t<\/div>\n\t\t\t\t<\/div>\n\t\t\t\t<\/div>\n\t\t\t\t<\/div>\n\t\t<div data-particle_enable=\"false\" data-particle-mobile-disabled=\"false\" class=\"elementor-element elementor-element-d5f5f6f e-con-full e-flex e-con e-parent\" data-id=\"d5f5f6f\" data-element_type=\"container\" data-e-type=\"container\" data-settings=\"{&quot;ekit_has_onepagescroll_dot&quot;:&quot;yes&quot;}\">\n\t\t<div data-particle_enable=\"false\" data-particle-mobile-disabled=\"false\" class=\"elementor-element elementor-element-381ac2e e-con-full e-flex e-con e-child\" data-id=\"381ac2e\" data-element_type=\"container\" data-e-type=\"container\" data-settings=\"{&quot;ekit_has_onepagescroll_dot&quot;:&quot;yes&quot;}\">\n\t\t\t\t<div class=\"elementor-element elementor-element-6c9a3d0 elementor-widget elementor-widget-heading\" data-id=\"6c9a3d0\" data-element_type=\"widget\" data-e-type=\"widget\" data-settings=\"{&quot;ekit_we_effect_on&quot;:&quot;none&quot;}\" data-widget_type=\"heading.default\">\n\t\t\t\t<div class=\"elementor-widget-container\">\n\t\t\t\t\t<h2 class=\"elementor-heading-title elementor-size-default\">Ensaladas<\/h2>\t\t\t\t<\/div>\n\t\t\t\t<\/div>\n\t\t\t\t<div class=\"elementor-element elementor-element-f787fb4 elementor-widget-divider--view-line elementor-widget elementor-widget-divider\" data-id=\"f787fb4\" data-element_type=\"widget\" data-e-type=\"widget\" data-settings=\"{&quot;ekit_we_effect_on&quot;:&quot;none&quot;}\" data-widget_type=\"divider.default\">\n\t\t\t\t<div class=\"elementor-widget-container\">\n\t\t\t\t\t\t\t<div class=\"elementor-divider\">\n\t\t\t<span class=\"elementor-divider-separator\">\n\t\t\t\t\t\t<\/span>\n\t\t<\/div>\n\t\t\t\t\t\t<\/div>\n\t\t\t\t<\/div>\n\t\t\t\t<div class=\"elementor-element elementor-element-43fd2ee elementor-widget__width-initial elementor-widget elementor-widget-shortcode\" data-id=\"43fd2ee\" data-element_type=\"widget\" data-e-type=\"widget\" data-settings=\"{&quot;ekit_we_effect_on&quot;:&quot;none&quot;}\" data-widget_type=\"shortcode.default\">\n\t\t\t\t<div class=\"elementor-widget-container\">\n\t\t\t\t\t\t\t<div class=\"elementor-shortcode\"><\/div>\n\t\t\t\t\t\t<\/div>\n\t\t\t\t<\/div>\n\t\t\t\t<\/div>\n\t\t\t\t<\/div>\n\t\t<div data-particle_enable=\"false\" data-particle-mobile-disabled=\"false\" class=\"elementor-element elementor-element-ae21f26 e-con-full e-flex e-con e-parent\" data-id=\"ae21f26\" data-element_type=\"container\" data-e-type=\"container\" data-settings=\"{&quot;ekit_has_onepagescroll_dot&quot;:&quot;yes&quot;}\">\n\t\t<div data-particle_enable=\"false\" data-particle-mobile-disabled=\"false\" class=\"elementor-element elementor-element-6ff03bc e-con-full e-flex e-con e-child\" data-id=\"6ff03bc\" data-element_type=\"container\" data-e-type=\"container\" data-settings=\"{&quot;ekit_has_onepagescroll_dot&quot;:&quot;yes&quot;}\">\n\t\t\t\t<div class=\"elementor-element elementor-element-0d9ecb9 elementor-widget elementor-widget-heading\" data-id=\"0d9ecb9\" data-element_type=\"widget\" data-e-type=\"widget\" data-settings=\"{&quot;ekit_we_effect_on&quot;:&quot;none&quot;}\" data-widget_type=\"heading.default\">\n\t\t\t\t<div class=\"elementor-widget-container\">\n\t\t\t\t\t<h2 class=\"elementor-heading-title elementor-size-default\">Carpachos<\/h2>\t\t\t\t<\/div>\n\t\t\t\t<\/div>\n\t\t\t\t<div class=\"elementor-element elementor-element-be8117b elementor-widget-divider--view-line elementor-widget elementor-widget-divider\" data-id=\"be8117b\" data-element_type=\"widget\" data-e-type=\"widget\" data-settings=\"{&quot;ekit_we_effect_on&quot;:&quot;none&quot;}\" data-widget_type=\"divider.default\">\n\t\t\t\t<div class=\"elementor-widget-container\">\n\t\t\t\t\t\t\t<div class=\"elementor-divider\">\n\t\t\t<span class=\"elementor-divider-separator\">\n\t\t\t\t\t\t<\/span>\n\t\t<\/div>\n\t\t\t\t\t\t<\/div>\n\t\t\t\t<\/div>\n\t\t\t\t<div class=\"elementor-element elementor-element-64e374e elementor-widget__width-initial elementor-widget elementor-widget-shortcode\" data-id=\"64e374e\" data-element_type=\"widget\" data-e-type=\"widget\" data-settings=\"{&quot;ekit_we_effect_on&quot;:&quot;none&quot;}\" data-widget_type=\"shortcode.default\">\n\t\t\t\t<div class=\"elementor-widget-container\">\n\t\t\t\t\t\t\t<div class=\"elementor-shortcode\"><\/div>\n\t\t\t\t\t\t<\/div>\n\t\t\t\t<\/div>\n\t\t\t\t<\/div>\n\t\t\t\t<\/div>\n\t\t<div data-particle_enable=\"false\" data-particle-mobile-disabled=\"false\" class=\"elementor-element elementor-element-1640352 e-con-full e-flex e-con e-parent\" data-id=\"1640352\" data-element_type=\"container\" data-e-type=\"container\" data-settings=\"{&quot;ekit_has_onepagescroll_dot&quot;:&quot;yes&quot;}\">\n\t\t<div data-particle_enable=\"false\" data-particle-mobile-disabled=\"false\" class=\"elementor-element elementor-element-d986cb8 e-con-full e-flex e-con e-child\" data-id=\"d986cb8\" data-element_type=\"container\" data-e-type=\"container\" data-settings=\"{&quot;ekit_has_onepagescroll_dot&quot;:&quot;yes&quot;}\">\n\t\t\t\t<div class=\"elementor-element elementor-element-ac90428 elementor-widget elementor-widget-heading\" data-id=\"ac90428\" data-element_type=\"widget\" data-e-type=\"widget\" data-settings=\"{&quot;ekit_we_effect_on&quot;:&quot;none&quot;}\" data-widget_type=\"heading.default\">\n\t\t\t\t<div class=\"elementor-widget-container\">\n\t\t\t\t\t<h2 class=\"elementor-heading-title elementor-size-default\">Mira nuestro Men\u00fa completo<\/h2>\t\t\t\t<\/div>\n\t\t\t\t<\/div>\n\t\t\t\t<div class=\"elementor-element elementor-element-940eb82 elementor-widget-divider--view-line elementor-widget elementor-widget-divider\" data-id=\"940eb82\" data-element_type=\"widget\" data-e-type=\"widget\" data-settings=\"{&quot;ekit_we_effect_on&quot;:&quot;none&quot;}\" data-widget_type=\"divider.default\">\n\t\t\t\t<div class=\"elementor-widget-container\">\n\t\t\t\t\t\t\t<div class=\"elementor-divider\">\n\t\t\t<span class=\"elementor-divider-separator\">\n\t\t\t\t\t\t<\/span>\n\t\t<\/div>\n\t\t\t\t\t\t<\/div>\n\t\t\t\t<\/div>\n\t\t\t\t<div class=\"elementor-element elementor-element-6e65964 elementor-align-center elementor-widget elementor-widget-button\" data-id=\"6e65964\" data-element_type=\"widget\" data-e-type=\"widget\" data-settings=\"{&quot;ekit_we_effect_on&quot;:&quot;none&quot;}\" data-widget_type=\"button.default\">\n\t\t\t\t<div class=\"elementor-widget-container\">\n\t\t\t\t\t\t\t\t\t<div class=\"elementor-button-wrapper\">\n\t\t\t\t\t<a class=\"elementor-button elementor-button-link elementor-size-sm\" href=\"https:\/\/tapas2go.net\/es\/\">\n\t\t\t\t\t\t<span class=\"elementor-button-content-wrapper\">\n\t\t\t\t\t\t\t\t\t<span class=\"elementor-button-text\">Sigue ordenando<\/span>\n\t\t\t\t\t<\/span>\n\t\t\t\t\t<\/a>\n\t\t\t\t<\/div>\n\t\t\t\t\t\t\t\t<\/div>\n\t\t\t\t<\/div>\n\t\t\t\t<\/div>\n\t\t\t\t<\/div>\n\t\t<div data-particle_enable=\"false\" data-particle-mobile-disabled=\"false\" class=\"elementor-element elementor-element-49502b0 e-con-full e-flex e-con e-parent\" data-id=\"49502b0\" data-element_type=\"container\" data-e-type=\"container\" data-settings=\"{&quot;ekit_has_onepagescroll_dot&quot;:&quot;yes&quot;}\">\n\t\t<div data-particle_enable=\"false\" data-particle-mobile-disabled=\"false\" class=\"elementor-element elementor-element-7d7c345 e-con-full e-flex e-con e-child\" data-id=\"7d7c345\" data-element_type=\"container\" data-e-type=\"container\" data-settings=\"{&quot;ekit_has_onepagescroll_dot&quot;:&quot;yes&quot;}\">\n\t\t\t\t<div class=\"elementor-element elementor-element-0e1a867 elementor-widget elementor-widget-heading\" data-id=\"0e1a867\" data-element_type=\"widget\" data-e-type=\"widget\" data-settings=\"{&quot;ekit_we_effect_on&quot;:&quot;none&quot;}\" data-widget_type=\"heading.default\">\n\t\t\t\t<div class=\"elementor-widget-container\">\n\t\t\t\t\t<h2 class=\"elementor-heading-title elementor-size-default\">Tips para Ordenar<\/h2>\t\t\t\t<\/div>\n\t\t\t\t<\/div>\n\t\t\t\t<div class=\"elementor-element elementor-element-7919681 elementor-widget-divider--view-line elementor-widget elementor-widget-divider\" data-id=\"7919681\" data-element_type=\"widget\" data-e-type=\"widget\" data-settings=\"{&quot;ekit_we_effect_on&quot;:&quot;none&quot;}\" data-widget_type=\"divider.default\">\n\t\t\t\t<div class=\"elementor-widget-container\">\n\t\t\t\t\t\t\t<div class=\"elementor-divider\">\n\t\t\t<span class=\"elementor-divider-separator\">\n\t\t\t\t\t\t<\/span>\n\t\t<\/div>\n\t\t\t\t\t\t<\/div>\n\t\t\t\t<\/div>\n\t\t\t\t<\/div>\n\t\t<div data-particle_enable=\"false\" data-particle-mobile-disabled=\"false\" class=\"elementor-element elementor-element-bb1aa79 e-con-full e-flex e-con e-child\" data-id=\"bb1aa79\" data-element_type=\"container\" data-e-type=\"container\" data-settings=\"{&quot;ekit_has_onepagescroll_dot&quot;:&quot;yes&quot;}\">\n\t\t<div data-particle_enable=\"false\" data-particle-mobile-disabled=\"false\" class=\"elementor-element elementor-element-6498434 e-con-full e-flex e-con e-child\" data-id=\"6498434\" data-element_type=\"container\" data-e-type=\"container\" data-settings=\"{&quot;ekit_has_onepagescroll_dot&quot;:&quot;yes&quot;}\">\n\t\t\t\t<div class=\"elementor-element elementor-element-05c45fb elementor-widget elementor-widget-image\" data-id=\"05c45fb\" data-element_type=\"widget\" data-e-type=\"widget\" data-settings=\"{&quot;ekit_we_effect_on&quot;:&quot;none&quot;}\" data-widget_type=\"image.default\">\n\t\t\t\t<div class=\"elementor-widget-container\">\n\t\t\t\t\t\t\t\t\t\t\t\t\t\t\t<img fetchpriority=\"high\" decoding=\"async\" width=\"512\" height=\"512\" src=\"https:\/\/tapas2go.net\/wp-content\/uploads\/2023\/07\/number-one.webp\" class=\"attachment-full size-full wp-image-4748\" alt=\"\" srcset=\"https:\/\/tapas2go.net\/wp-content\/uploads\/2023\/07\/number-one.webp 512w, https:\/\/tapas2go.net\/wp-content\/uploads\/2023\/07\/number-one-300x300.webp 300w, https:\/\/tapas2go.net\/wp-content\/uploads\/2023\/07\/number-one-150x150.webp 150w, https:\/\/tapas2go.net\/wp-content\/uploads\/2023\/07\/number-one-120x120.webp 120w, https:\/\/tapas2go.net\/wp-content\/uploads\/2023\/07\/number-one-400x400.webp 400w, https:\/\/tapas2go.net\/wp-content\/uploads\/2023\/07\/number-one-100x100.webp 100w\" sizes=\"(max-width: 512px) 100vw, 512px\" \/>\t\t\t\t\t\t\t\t\t\t\t\t\t\t\t<\/div>\n\t\t\t\t<\/div>\n\t\t\t\t<div class=\"elementor-element elementor-element-c1538b4 elementor-widget elementor-widget-text-editor\" data-id=\"c1538b4\" data-element_type=\"widget\" data-e-type=\"widget\" data-settings=\"{&quot;ekit_we_effect_on&quot;:&quot;none&quot;}\" data-widget_type=\"text-editor.default\">\n\t\t\t\t<div class=\"elementor-widget-container\">\n\t\t\t\t\t\t\t\t\t<p>Ingresa a nuestro men\u00fa, elige los platillos de tu preferencia, cantidad, adicionales sin importar el pedido espec\u00edfico y tipo de producto.<\/p>\t\t\t\t\t\t\t\t<\/div>\n\t\t\t\t<\/div>\n\t\t\t\t<div class=\"elementor-element elementor-element-0324178 elementor-widget elementor-widget-image\" data-id=\"0324178\" data-element_type=\"widget\" data-e-type=\"widget\" data-settings=\"{&quot;ekit_we_effect_on&quot;:&quot;none&quot;}\" data-widget_type=\"image.default\">\n\t\t\t\t<div class=\"elementor-widget-container\">\n\t\t\t\t\t\t\t\t\t\t\t\t\t\t\t<img decoding=\"async\" width=\"512\" height=\"512\" src=\"https:\/\/tapas2go.net\/wp-content\/uploads\/2023\/07\/food-service.webp\" class=\"attachment-full size-full wp-image-4754\" alt=\"\" srcset=\"https:\/\/tapas2go.net\/wp-content\/uploads\/2023\/07\/food-service.webp 512w, https:\/\/tapas2go.net\/wp-content\/uploads\/2023\/07\/food-service-300x300.webp 300w, https:\/\/tapas2go.net\/wp-content\/uploads\/2023\/07\/food-service-150x150.webp 150w, https:\/\/tapas2go.net\/wp-content\/uploads\/2023\/07\/food-service-120x120.webp 120w, https:\/\/tapas2go.net\/wp-content\/uploads\/2023\/07\/food-service-400x400.webp 400w, https:\/\/tapas2go.net\/wp-content\/uploads\/2023\/07\/food-service-100x100.webp 100w\" sizes=\"(max-width: 512px) 100vw, 512px\" \/>\t\t\t\t\t\t\t\t\t\t\t\t\t\t\t<\/div>\n\t\t\t\t<\/div>\n\t\t\t\t<\/div>\n\t\t<div data-particle_enable=\"false\" data-particle-mobile-disabled=\"false\" class=\"elementor-element elementor-element-c204040 e-con-full e-flex e-con e-child\" data-id=\"c204040\" data-element_type=\"container\" data-e-type=\"container\" data-settings=\"{&quot;ekit_has_onepagescroll_dot&quot;:&quot;yes&quot;}\">\n\t\t\t\t<div class=\"elementor-element elementor-element-8bdfe09 elementor-widget elementor-widget-image\" data-id=\"8bdfe09\" data-element_type=\"widget\" data-e-type=\"widget\" data-settings=\"{&quot;ekit_we_effect_on&quot;:&quot;none&quot;}\" data-widget_type=\"image.default\">\n\t\t\t\t<div class=\"elementor-widget-container\">\n\t\t\t\t\t\t\t\t\t\t\t\t\t\t\t<img decoding=\"async\" width=\"512\" height=\"512\" src=\"https:\/\/tapas2go.net\/wp-content\/uploads\/2023\/07\/number-2.webp\" class=\"attachment-full size-full wp-image-4749\" alt=\"\" srcset=\"https:\/\/tapas2go.net\/wp-content\/uploads\/2023\/07\/number-2.webp 512w, https:\/\/tapas2go.net\/wp-content\/uploads\/2023\/07\/number-2-300x300.webp 300w, https:\/\/tapas2go.net\/wp-content\/uploads\/2023\/07\/number-2-150x150.webp 150w, https:\/\/tapas2go.net\/wp-content\/uploads\/2023\/07\/number-2-120x120.webp 120w, https:\/\/tapas2go.net\/wp-content\/uploads\/2023\/07\/number-2-400x400.webp 400w, https:\/\/tapas2go.net\/wp-content\/uploads\/2023\/07\/number-2-100x100.webp 100w\" sizes=\"(max-width: 512px) 100vw, 512px\" \/>\t\t\t\t\t\t\t\t\t\t\t\t\t\t\t<\/div>\n\t\t\t\t<\/div>\n\t\t\t\t<div class=\"elementor-element elementor-element-0b54008 elementor-widget elementor-widget-text-editor\" data-id=\"0b54008\" data-element_type=\"widget\" data-e-type=\"widget\" data-settings=\"{&quot;ekit_we_effect_on&quot;:&quot;none&quot;}\" data-widget_type=\"text-editor.default\">\n\t\t\t\t<div class=\"elementor-widget-container\">\n\t\t\t\t\t\t\t\t\t<p>Verifica tu pedido, ve al carrito, all\u00ed podr\u00e1s realizar cambios en tu pedido, elegir forma de pago y tipo de env\u00edo (recogida o entrega a domicilio).<\/p>\t\t\t\t\t\t\t\t<\/div>\n\t\t\t\t<\/div>\n\t\t\t\t<div class=\"elementor-element elementor-element-ed72e6d elementor-widget elementor-widget-image\" data-id=\"ed72e6d\" data-element_type=\"widget\" data-e-type=\"widget\" data-settings=\"{&quot;ekit_we_effect_on&quot;:&quot;none&quot;}\" data-widget_type=\"image.default\">\n\t\t\t\t<div class=\"elementor-widget-container\">\n\t\t\t\t\t\t\t\t\t\t\t\t\t\t\t<img loading=\"lazy\" decoding=\"async\" width=\"512\" height=\"512\" src=\"https:\/\/tapas2go.net\/wp-content\/uploads\/2023\/07\/mobile-payment.webp\" class=\"attachment-full size-full wp-image-4755\" alt=\"\" srcset=\"https:\/\/tapas2go.net\/wp-content\/uploads\/2023\/07\/mobile-payment.webp 512w, https:\/\/tapas2go.net\/wp-content\/uploads\/2023\/07\/mobile-payment-300x300.webp 300w, https:\/\/tapas2go.net\/wp-content\/uploads\/2023\/07\/mobile-payment-150x150.webp 150w, https:\/\/tapas2go.net\/wp-content\/uploads\/2023\/07\/mobile-payment-120x120.webp 120w, https:\/\/tapas2go.net\/wp-content\/uploads\/2023\/07\/mobile-payment-400x400.webp 400w, https:\/\/tapas2go.net\/wp-content\/uploads\/2023\/07\/mobile-payment-100x100.webp 100w\" sizes=\"(max-width: 512px) 100vw, 512px\" \/>\t\t\t\t\t\t\t\t\t\t\t\t\t\t\t<\/div>\n\t\t\t\t<\/div>\n\t\t\t\t<\/div>\n\t\t<div data-particle_enable=\"false\" data-particle-mobile-disabled=\"false\" class=\"elementor-element elementor-element-c606124 e-con-full e-flex e-con e-child\" data-id=\"c606124\" data-element_type=\"container\" data-e-type=\"container\" data-settings=\"{&quot;ekit_has_onepagescroll_dot&quot;:&quot;yes&quot;}\">\n\t\t\t\t<div class=\"elementor-element elementor-element-5256e6f elementor-widget elementor-widget-image\" data-id=\"5256e6f\" data-element_type=\"widget\" data-e-type=\"widget\" data-settings=\"{&quot;ekit_we_effect_on&quot;:&quot;none&quot;}\" data-widget_type=\"image.default\">\n\t\t\t\t<div class=\"elementor-widget-container\">\n\t\t\t\t\t\t\t\t\t\t\t\t\t\t\t<img loading=\"lazy\" decoding=\"async\" width=\"512\" height=\"512\" src=\"https:\/\/tapas2go.net\/wp-content\/uploads\/2023\/07\/number-3.webp\" class=\"attachment-full size-full wp-image-4750\" alt=\"\" srcset=\"https:\/\/tapas2go.net\/wp-content\/uploads\/2023\/07\/number-3.webp 512w, https:\/\/tapas2go.net\/wp-content\/uploads\/2023\/07\/number-3-300x300.webp 300w, https:\/\/tapas2go.net\/wp-content\/uploads\/2023\/07\/number-3-150x150.webp 150w, https:\/\/tapas2go.net\/wp-content\/uploads\/2023\/07\/number-3-120x120.webp 120w, https:\/\/tapas2go.net\/wp-content\/uploads\/2023\/07\/number-3-400x400.webp 400w, https:\/\/tapas2go.net\/wp-content\/uploads\/2023\/07\/number-3-100x100.webp 100w\" sizes=\"(max-width: 512px) 100vw, 512px\" \/>\t\t\t\t\t\t\t\t\t\t\t\t\t\t\t<\/div>\n\t\t\t\t<\/div>\n\t\t\t\t<div class=\"elementor-element elementor-element-0fb2813 elementor-widget elementor-widget-text-editor\" data-id=\"0fb2813\" data-element_type=\"widget\" data-e-type=\"widget\" data-settings=\"{&quot;ekit_we_effect_on&quot;:&quot;none&quot;}\" data-widget_type=\"text-editor.default\">\n\t\t\t\t<div class=\"elementor-widget-container\">\n\t\t\t\t\t\t\t\t\t<p>Una vez confirmado tu pago, comenzaremos a preparar tu pedido. Cuando est\u00e9 listo, te avisaremos y podr\u00e1s recogerlo o elegir la opci\u00f3n de env\u00edo.<\/p>\t\t\t\t\t\t\t\t<\/div>\n\t\t\t\t<\/div>\n\t\t\t\t<div class=\"elementor-element elementor-element-7033ec5 elementor-widget elementor-widget-image\" data-id=\"7033ec5\" data-element_type=\"widget\" data-e-type=\"widget\" data-settings=\"{&quot;ekit_we_effect_on&quot;:&quot;none&quot;}\" data-widget_type=\"image.default\">\n\t\t\t\t<div class=\"elementor-widget-container\">\n\t\t\t\t\t\t\t\t\t\t\t\t\t\t\t<img loading=\"lazy\" decoding=\"async\" width=\"512\" height=\"512\" src=\"https:\/\/tapas2go.net\/wp-content\/uploads\/2023\/07\/take-away.webp\" class=\"attachment-full size-full wp-image-4756\" alt=\"\" srcset=\"https:\/\/tapas2go.net\/wp-content\/uploads\/2023\/07\/take-away.webp 512w, https:\/\/tapas2go.net\/wp-content\/uploads\/2023\/07\/take-away-300x300.webp 300w, https:\/\/tapas2go.net\/wp-content\/uploads\/2023\/07\/take-away-150x150.webp 150w, https:\/\/tapas2go.net\/wp-content\/uploads\/2023\/07\/take-away-120x120.webp 120w, https:\/\/tapas2go.net\/wp-content\/uploads\/2023\/07\/take-away-400x400.webp 400w, https:\/\/tapas2go.net\/wp-content\/uploads\/2023\/07\/take-away-100x100.webp 100w\" sizes=\"(max-width: 512px) 100vw, 512px\" \/>\t\t\t\t\t\t\t\t\t\t\t\t\t\t\t<\/div>\n\t\t\t\t<\/div>\n\t\t\t\t<\/div>\n\t\t\t\t<\/div>\n\t\t\t\t<\/div>\n\t\t\t\t<\/div>","protected":false},"excerpt":{"rendered":"<p>Appetizers, Salads &amp; Carpaccios Appetizers Main Plates Salads Carpaccios Check our entire menu keep ordering tips to order Enter our menu, choose the dishes of your preference, quantity, additional regardless of the specific order and type of product. Verify your order, go to the cart, there you can make changes to your order, choose payment [&hellip;]<\/p>\n","protected":false},"author":1,"featured_media":4243,"parent":0,"menu_order":0,"comment_status":"closed","ping_status":"closed","template":"","meta":{"inline_featured_image":false,"footnotes":""},"class_list":["post-2769","page","type-page","status-publish","has-post-thumbnail","hentry"],"jetpack_sharing_enabled":true,"_links":{"self":[{"href":"https:\/\/tapas2go.net\/es\/wp-json\/wp\/v2\/pages\/2769","targetHints":{"allow":["GET"]}}],"collection":[{"href":"https:\/\/tapas2go.net\/es\/wp-json\/wp\/v2\/pages"}],"about":[{"href":"https:\/\/tapas2go.net\/es\/wp-json\/wp\/v2\/types\/page"}],"author":[{"embeddable":true,"href":"https:\/\/tapas2go.net\/es\/wp-json\/wp\/v2\/users\/1"}],"replies":[{"embeddable":true,"href":"https:\/\/tapas2go.net\/es\/wp-json\/wp\/v2\/comments?post=2769"}],"version-history":[{"count":6,"href":"https:\/\/tapas2go.net\/es\/wp-json\/wp\/v2\/pages\/2769\/revisions"}],"predecessor-version":[{"id":6134,"href":"https:\/\/tapas2go.net\/es\/wp-json\/wp\/v2\/pages\/2769\/revisions\/6134"}],"wp:featuredmedia":[{"embeddable":true,"href":"https:\/\/tapas2go.net\/es\/wp-json\/wp\/v2\/media\/4243"}],"wp:attachment":[{"href":"https:\/\/tapas2go.net\/es\/wp-json\/wp\/v2\/media?parent=2769"}],"curies":[{"name":"wp","href":"https:\/\/api.w.org\/{rel}","templated":true}]}}