{"id":2777,"date":"2022-12-19T01:38:55","date_gmt":"2022-12-19T01:38:55","guid":{"rendered":"https:\/\/tapas2go.net\/?page_id=2777"},"modified":"2025-09-02T13:01:22","modified_gmt":"2025-09-02T17:01:22","slug":"shawarmas-sandwiches-burgers","status":"publish","type":"page","link":"https:\/\/tapas2go.net\/es\/shawarmas-sandwiches-burgers\/","title":{"rendered":"Shawarmas, Sandwiches y Hamburguesas"},"content":{"rendered":"<div data-elementor-type=\"wp-page\" data-elementor-id=\"2777\" class=\"elementor elementor-2777\" data-elementor-post-type=\"page\">\n\t\t\t\t\t\t<section data-particle_enable=\"false\" data-particle-mobile-disabled=\"false\" class=\"elementor-section elementor-top-section elementor-element elementor-element-1bfe284 elementor-section-full_width elementor-section-height-min-height elementor-section-items-bottom elementor-section-height-default\" data-id=\"1bfe284\" data-element_type=\"section\" data-e-type=\"section\" data-settings=\"{&quot;background_background&quot;:&quot;classic&quot;,&quot;ekit_has_onepagescroll_dot&quot;:&quot;yes&quot;}\">\n\t\t\t\t\t\t\t<div class=\"elementor-background-overlay\"><\/div>\n\t\t\t\t\t\t\t<div class=\"elementor-container elementor-column-gap-wide\">\n\t\t\t\t\t<div class=\"elementor-column elementor-col-100 elementor-top-column elementor-element elementor-element-cfb5f72\" data-id=\"cfb5f72\" data-element_type=\"column\" data-e-type=\"column\">\n\t\t\t<div class=\"elementor-widget-wrap elementor-element-populated\">\n\t\t\t\t\t\t<div class=\"elementor-element elementor-element-ab4dd8f elementor-widget elementor-widget-heading\" data-id=\"ab4dd8f\" data-element_type=\"widget\" data-e-type=\"widget\" data-settings=\"{&quot;ekit_we_effect_on&quot;:&quot;none&quot;}\" data-widget_type=\"heading.default\">\n\t\t\t\t<div class=\"elementor-widget-container\">\n\t\t\t\t\t<h2 class=\"elementor-heading-title elementor-size-default\">Shawarmas, Sandwiches &amp; Burgers<\/h2>\t\t\t\t<\/div>\n\t\t\t\t<\/div>\n\t\t\t\t\t<\/div>\n\t\t<\/div>\n\t\t\t\t\t<\/div>\n\t\t<\/section>\n\t\t<div data-particle_enable=\"false\" data-particle-mobile-disabled=\"false\" class=\"elementor-element elementor-element-c56393e e-con-full e-flex e-con e-parent\" data-id=\"c56393e\" data-element_type=\"container\" data-e-type=\"container\" data-settings=\"{&quot;ekit_has_onepagescroll_dot&quot;:&quot;yes&quot;}\">\n\t\t<div data-particle_enable=\"false\" data-particle-mobile-disabled=\"false\" class=\"elementor-element elementor-element-7f1baf1 e-con-full e-flex e-con e-child\" data-id=\"7f1baf1\" data-element_type=\"container\" data-e-type=\"container\" data-settings=\"{&quot;ekit_has_onepagescroll_dot&quot;:&quot;yes&quot;}\">\n\t\t\t\t<div class=\"elementor-element elementor-element-8521827 elementor-widget elementor-widget-heading\" data-id=\"8521827\" data-element_type=\"widget\" data-e-type=\"widget\" data-settings=\"{&quot;ekit_we_effect_on&quot;:&quot;none&quot;}\" data-widget_type=\"heading.default\">\n\t\t\t\t<div class=\"elementor-widget-container\">\n\t\t\t\t\t<h2 class=\"elementor-heading-title elementor-size-default\">Shawarmas tama\u00f1o XL.<\/h2>\t\t\t\t<\/div>\n\t\t\t\t<\/div>\n\t\t\t\t<div class=\"elementor-element elementor-element-3f75458 elementor-widget-divider--view-line elementor-widget elementor-widget-divider\" data-id=\"3f75458\" data-element_type=\"widget\" data-e-type=\"widget\" data-settings=\"{&quot;ekit_we_effect_on&quot;:&quot;none&quot;}\" data-widget_type=\"divider.default\">\n\t\t\t\t<div class=\"elementor-widget-container\">\n\t\t\t\t\t\t\t<div class=\"elementor-divider\">\n\t\t\t<span class=\"elementor-divider-separator\">\n\t\t\t\t\t\t<\/span>\n\t\t<\/div>\n\t\t\t\t\t\t<\/div>\n\t\t\t\t<\/div>\n\t\t\t\t<div class=\"elementor-element elementor-element-4e86ef6 elementor-widget__width-initial elementor-widget elementor-widget-shortcode\" data-id=\"4e86ef6\" data-element_type=\"widget\" data-e-type=\"widget\" data-settings=\"{&quot;ekit_we_effect_on&quot;:&quot;none&quot;}\" data-widget_type=\"shortcode.default\">\n\t\t\t\t<div class=\"elementor-widget-container\">\n\t\t\t\t\t\t\t<div class=\"elementor-shortcode\"><\/div>\n\t\t\t\t\t\t<\/div>\n\t\t\t\t<\/div>\n\t\t\t\t<\/div>\n\t\t\t\t<\/div>\n\t\t<div data-particle_enable=\"false\" data-particle-mobile-disabled=\"false\" class=\"elementor-element elementor-element-ba40521 e-con-full e-flex e-con e-parent\" data-id=\"ba40521\" data-element_type=\"container\" data-e-type=\"container\" data-settings=\"{&quot;ekit_has_onepagescroll_dot&quot;:&quot;yes&quot;}\">\n\t\t<div data-particle_enable=\"false\" data-particle-mobile-disabled=\"false\" class=\"elementor-element elementor-element-ca323b7 e-con-full e-flex e-con e-child\" data-id=\"ca323b7\" data-element_type=\"container\" data-e-type=\"container\" data-settings=\"{&quot;ekit_has_onepagescroll_dot&quot;:&quot;yes&quot;}\">\n\t\t\t\t<div class=\"elementor-element elementor-element-69720a3 elementor-widget elementor-widget-heading\" data-id=\"69720a3\" data-element_type=\"widget\" data-e-type=\"widget\" data-settings=\"{&quot;ekit_we_effect_on&quot;:&quot;none&quot;}\" data-widget_type=\"heading.default\">\n\t\t\t\t<div class=\"elementor-widget-container\">\n\t\t\t\t\t<h2 class=\"elementor-heading-title elementor-size-default\">Shawarmas Medium Size<\/h2>\t\t\t\t<\/div>\n\t\t\t\t<\/div>\n\t\t\t\t<div class=\"elementor-element elementor-element-a4062c0 elementor-widget-divider--view-line elementor-widget elementor-widget-divider\" data-id=\"a4062c0\" data-element_type=\"widget\" data-e-type=\"widget\" data-settings=\"{&quot;ekit_we_effect_on&quot;:&quot;none&quot;}\" data-widget_type=\"divider.default\">\n\t\t\t\t<div class=\"elementor-widget-container\">\n\t\t\t\t\t\t\t<div class=\"elementor-divider\">\n\t\t\t<span class=\"elementor-divider-separator\">\n\t\t\t\t\t\t<\/span>\n\t\t<\/div>\n\t\t\t\t\t\t<\/div>\n\t\t\t\t<\/div>\n\t\t\t\t<div class=\"elementor-element elementor-element-945a524 elementor-widget__width-initial elementor-widget elementor-widget-shortcode\" data-id=\"945a524\" data-element_type=\"widget\" data-e-type=\"widget\" data-settings=\"{&quot;ekit_we_effect_on&quot;:&quot;none&quot;}\" data-widget_type=\"shortcode.default\">\n\t\t\t\t<div class=\"elementor-widget-container\">\n\t\t\t\t\t\t\t<div class=\"elementor-shortcode\"><\/div>\n\t\t\t\t\t\t<\/div>\n\t\t\t\t<\/div>\n\t\t\t\t<\/div>\n\t\t\t\t<\/div>\n\t\t<div data-particle_enable=\"false\" data-particle-mobile-disabled=\"false\" class=\"elementor-element elementor-element-c678200 e-con-full e-flex e-con e-parent\" data-id=\"c678200\" data-element_type=\"container\" data-e-type=\"container\" data-settings=\"{&quot;ekit_has_onepagescroll_dot&quot;:&quot;yes&quot;}\">\n\t\t<div data-particle_enable=\"false\" data-particle-mobile-disabled=\"false\" class=\"elementor-element elementor-element-844ef95 e-con-full e-flex e-con e-child\" data-id=\"844ef95\" data-element_type=\"container\" data-e-type=\"container\" data-settings=\"{&quot;ekit_has_onepagescroll_dot&quot;:&quot;yes&quot;}\">\n\t\t\t\t<div class=\"elementor-element elementor-element-1a94a4b elementor-widget elementor-widget-heading\" data-id=\"1a94a4b\" data-element_type=\"widget\" data-e-type=\"widget\" data-settings=\"{&quot;ekit_we_effect_on&quot;:&quot;none&quot;}\" data-widget_type=\"heading.default\">\n\t\t\t\t<div class=\"elementor-widget-container\">\n\t\t\t\t\t<h2 class=\"elementor-heading-title elementor-size-default\">Sandwiches<\/h2>\t\t\t\t<\/div>\n\t\t\t\t<\/div>\n\t\t\t\t<div class=\"elementor-element elementor-element-35196f5 elementor-widget-divider--view-line elementor-widget elementor-widget-divider\" data-id=\"35196f5\" data-element_type=\"widget\" data-e-type=\"widget\" data-settings=\"{&quot;ekit_we_effect_on&quot;:&quot;none&quot;}\" data-widget_type=\"divider.default\">\n\t\t\t\t<div class=\"elementor-widget-container\">\n\t\t\t\t\t\t\t<div class=\"elementor-divider\">\n\t\t\t<span class=\"elementor-divider-separator\">\n\t\t\t\t\t\t<\/span>\n\t\t<\/div>\n\t\t\t\t\t\t<\/div>\n\t\t\t\t<\/div>\n\t\t\t\t<div class=\"elementor-element elementor-element-b42b1b2 elementor-widget__width-initial elementor-widget elementor-widget-shortcode\" data-id=\"b42b1b2\" data-element_type=\"widget\" data-e-type=\"widget\" data-settings=\"{&quot;ekit_we_effect_on&quot;:&quot;none&quot;}\" data-widget_type=\"shortcode.default\">\n\t\t\t\t<div class=\"elementor-widget-container\">\n\t\t\t\t\t\t\t<div class=\"elementor-shortcode\"><\/div>\n\t\t\t\t\t\t<\/div>\n\t\t\t\t<\/div>\n\t\t\t\t<\/div>\n\t\t\t\t<\/div>\n\t\t<div data-particle_enable=\"false\" data-particle-mobile-disabled=\"false\" class=\"elementor-element elementor-element-3cacf18 e-con-full e-flex e-con e-parent\" data-id=\"3cacf18\" data-element_type=\"container\" data-e-type=\"container\" data-settings=\"{&quot;ekit_has_onepagescroll_dot&quot;:&quot;yes&quot;}\">\n\t\t<div data-particle_enable=\"false\" data-particle-mobile-disabled=\"false\" class=\"elementor-element elementor-element-c45a87f e-con-full e-flex e-con e-child\" data-id=\"c45a87f\" data-element_type=\"container\" data-e-type=\"container\" data-settings=\"{&quot;ekit_has_onepagescroll_dot&quot;:&quot;yes&quot;}\">\n\t\t\t\t<div class=\"elementor-element elementor-element-416b3d7 elementor-widget elementor-widget-heading\" data-id=\"416b3d7\" data-element_type=\"widget\" data-e-type=\"widget\" data-settings=\"{&quot;ekit_we_effect_on&quot;:&quot;none&quot;}\" data-widget_type=\"heading.default\">\n\t\t\t\t<div class=\"elementor-widget-container\">\n\t\t\t\t\t<h2 class=\"elementor-heading-title elementor-size-default\">Mira nuestro Men\u00fa completo<\/h2>\t\t\t\t<\/div>\n\t\t\t\t<\/div>\n\t\t\t\t<div class=\"elementor-element elementor-element-8480f40 elementor-widget-divider--view-line elementor-widget elementor-widget-divider\" data-id=\"8480f40\" data-element_type=\"widget\" data-e-type=\"widget\" data-settings=\"{&quot;ekit_we_effect_on&quot;:&quot;none&quot;}\" data-widget_type=\"divider.default\">\n\t\t\t\t<div class=\"elementor-widget-container\">\n\t\t\t\t\t\t\t<div class=\"elementor-divider\">\n\t\t\t<span class=\"elementor-divider-separator\">\n\t\t\t\t\t\t<\/span>\n\t\t<\/div>\n\t\t\t\t\t\t<\/div>\n\t\t\t\t<\/div>\n\t\t\t\t<div class=\"elementor-element elementor-element-6593a74 elementor-align-center elementor-widget elementor-widget-button\" data-id=\"6593a74\" data-element_type=\"widget\" data-e-type=\"widget\" data-settings=\"{&quot;ekit_we_effect_on&quot;:&quot;none&quot;}\" data-widget_type=\"button.default\">\n\t\t\t\t<div class=\"elementor-widget-container\">\n\t\t\t\t\t\t\t\t\t<div class=\"elementor-button-wrapper\">\n\t\t\t\t\t<a class=\"elementor-button elementor-button-link elementor-size-sm\" href=\"https:\/\/tapas2go.net\/es\/\">\n\t\t\t\t\t\t<span class=\"elementor-button-content-wrapper\">\n\t\t\t\t\t\t\t\t\t<span class=\"elementor-button-text\">Sigue ordenando<\/span>\n\t\t\t\t\t<\/span>\n\t\t\t\t\t<\/a>\n\t\t\t\t<\/div>\n\t\t\t\t\t\t\t\t<\/div>\n\t\t\t\t<\/div>\n\t\t\t\t<\/div>\n\t\t\t\t<\/div>\n\t\t<div data-particle_enable=\"false\" data-particle-mobile-disabled=\"false\" class=\"elementor-element elementor-element-3bd11d8 e-con-full e-flex e-con e-parent\" data-id=\"3bd11d8\" data-element_type=\"container\" data-e-type=\"container\" data-settings=\"{&quot;ekit_has_onepagescroll_dot&quot;:&quot;yes&quot;}\">\n\t\t<div data-particle_enable=\"false\" data-particle-mobile-disabled=\"false\" class=\"elementor-element elementor-element-8683c40 e-con-full e-flex e-con e-child\" data-id=\"8683c40\" data-element_type=\"container\" data-e-type=\"container\" data-settings=\"{&quot;ekit_has_onepagescroll_dot&quot;:&quot;yes&quot;}\">\n\t\t\t\t<div class=\"elementor-element elementor-element-aa89342 elementor-widget elementor-widget-heading\" data-id=\"aa89342\" data-element_type=\"widget\" data-e-type=\"widget\" data-settings=\"{&quot;ekit_we_effect_on&quot;:&quot;none&quot;}\" data-widget_type=\"heading.default\">\n\t\t\t\t<div class=\"elementor-widget-container\">\n\t\t\t\t\t<h2 class=\"elementor-heading-title elementor-size-default\">Tips para Ordenar<\/h2>\t\t\t\t<\/div>\n\t\t\t\t<\/div>\n\t\t\t\t<div class=\"elementor-element elementor-element-fff661a elementor-widget-divider--view-line elementor-widget elementor-widget-divider\" data-id=\"fff661a\" data-element_type=\"widget\" data-e-type=\"widget\" data-settings=\"{&quot;ekit_we_effect_on&quot;:&quot;none&quot;}\" data-widget_type=\"divider.default\">\n\t\t\t\t<div class=\"elementor-widget-container\">\n\t\t\t\t\t\t\t<div class=\"elementor-divider\">\n\t\t\t<span class=\"elementor-divider-separator\">\n\t\t\t\t\t\t<\/span>\n\t\t<\/div>\n\t\t\t\t\t\t<\/div>\n\t\t\t\t<\/div>\n\t\t\t\t<\/div>\n\t\t<div data-particle_enable=\"false\" data-particle-mobile-disabled=\"false\" class=\"elementor-element elementor-element-8c4605b e-con-full e-flex e-con e-child\" data-id=\"8c4605b\" data-element_type=\"container\" data-e-type=\"container\" data-settings=\"{&quot;ekit_has_onepagescroll_dot&quot;:&quot;yes&quot;}\">\n\t\t<div data-particle_enable=\"false\" data-particle-mobile-disabled=\"false\" class=\"elementor-element elementor-element-87f15be e-con-full e-flex e-con e-child\" data-id=\"87f15be\" data-element_type=\"container\" data-e-type=\"container\" data-settings=\"{&quot;ekit_has_onepagescroll_dot&quot;:&quot;yes&quot;}\">\n\t\t\t\t<div class=\"elementor-element elementor-element-2f64244 elementor-widget elementor-widget-image\" data-id=\"2f64244\" data-element_type=\"widget\" data-e-type=\"widget\" data-settings=\"{&quot;ekit_we_effect_on&quot;:&quot;none&quot;}\" data-widget_type=\"image.default\">\n\t\t\t\t<div class=\"elementor-widget-container\">\n\t\t\t\t\t\t\t\t\t\t\t\t\t\t\t<img fetchpriority=\"high\" decoding=\"async\" width=\"512\" height=\"512\" src=\"https:\/\/tapas2go.net\/wp-content\/uploads\/2023\/07\/number-one.webp\" class=\"attachment-full size-full wp-image-4748\" alt=\"\" srcset=\"https:\/\/tapas2go.net\/wp-content\/uploads\/2023\/07\/number-one.webp 512w, https:\/\/tapas2go.net\/wp-content\/uploads\/2023\/07\/number-one-300x300.webp 300w, https:\/\/tapas2go.net\/wp-content\/uploads\/2023\/07\/number-one-150x150.webp 150w, https:\/\/tapas2go.net\/wp-content\/uploads\/2023\/07\/number-one-120x120.webp 120w, https:\/\/tapas2go.net\/wp-content\/uploads\/2023\/07\/number-one-400x400.webp 400w, https:\/\/tapas2go.net\/wp-content\/uploads\/2023\/07\/number-one-100x100.webp 100w\" sizes=\"(max-width: 512px) 100vw, 512px\" \/>\t\t\t\t\t\t\t\t\t\t\t\t\t\t\t<\/div>\n\t\t\t\t<\/div>\n\t\t\t\t<div class=\"elementor-element elementor-element-e6a2ae9 elementor-widget elementor-widget-text-editor\" data-id=\"e6a2ae9\" data-element_type=\"widget\" data-e-type=\"widget\" data-settings=\"{&quot;ekit_we_effect_on&quot;:&quot;none&quot;}\" data-widget_type=\"text-editor.default\">\n\t\t\t\t<div class=\"elementor-widget-container\">\n\t\t\t\t\t\t\t\t\t<p>Ingresa a nuestro men\u00fa, elige los platillos de tu preferencia, cantidad, adicionales sin importar el pedido espec\u00edfico y tipo de producto.<\/p>\t\t\t\t\t\t\t\t<\/div>\n\t\t\t\t<\/div>\n\t\t\t\t<div class=\"elementor-element elementor-element-8fc0428 elementor-widget elementor-widget-image\" data-id=\"8fc0428\" data-element_type=\"widget\" data-e-type=\"widget\" data-settings=\"{&quot;ekit_we_effect_on&quot;:&quot;none&quot;}\" data-widget_type=\"image.default\">\n\t\t\t\t<div class=\"elementor-widget-container\">\n\t\t\t\t\t\t\t\t\t\t\t\t\t\t\t<img decoding=\"async\" width=\"512\" height=\"512\" src=\"https:\/\/tapas2go.net\/wp-content\/uploads\/2023\/07\/food-service.webp\" class=\"attachment-full size-full wp-image-4754\" alt=\"\" srcset=\"https:\/\/tapas2go.net\/wp-content\/uploads\/2023\/07\/food-service.webp 512w, https:\/\/tapas2go.net\/wp-content\/uploads\/2023\/07\/food-service-300x300.webp 300w, https:\/\/tapas2go.net\/wp-content\/uploads\/2023\/07\/food-service-150x150.webp 150w, https:\/\/tapas2go.net\/wp-content\/uploads\/2023\/07\/food-service-120x120.webp 120w, https:\/\/tapas2go.net\/wp-content\/uploads\/2023\/07\/food-service-400x400.webp 400w, https:\/\/tapas2go.net\/wp-content\/uploads\/2023\/07\/food-service-100x100.webp 100w\" sizes=\"(max-width: 512px) 100vw, 512px\" \/>\t\t\t\t\t\t\t\t\t\t\t\t\t\t\t<\/div>\n\t\t\t\t<\/div>\n\t\t\t\t<\/div>\n\t\t<div data-particle_enable=\"false\" data-particle-mobile-disabled=\"false\" class=\"elementor-element elementor-element-a093599 e-con-full e-flex e-con e-child\" data-id=\"a093599\" data-element_type=\"container\" data-e-type=\"container\" data-settings=\"{&quot;ekit_has_onepagescroll_dot&quot;:&quot;yes&quot;}\">\n\t\t\t\t<div class=\"elementor-element elementor-element-f9d02da elementor-widget elementor-widget-image\" data-id=\"f9d02da\" data-element_type=\"widget\" data-e-type=\"widget\" data-settings=\"{&quot;ekit_we_effect_on&quot;:&quot;none&quot;}\" data-widget_type=\"image.default\">\n\t\t\t\t<div class=\"elementor-widget-container\">\n\t\t\t\t\t\t\t\t\t\t\t\t\t\t\t<img decoding=\"async\" width=\"512\" height=\"512\" src=\"https:\/\/tapas2go.net\/wp-content\/uploads\/2023\/07\/number-2.webp\" class=\"attachment-full size-full wp-image-4749\" alt=\"\" srcset=\"https:\/\/tapas2go.net\/wp-content\/uploads\/2023\/07\/number-2.webp 512w, https:\/\/tapas2go.net\/wp-content\/uploads\/2023\/07\/number-2-300x300.webp 300w, https:\/\/tapas2go.net\/wp-content\/uploads\/2023\/07\/number-2-150x150.webp 150w, https:\/\/tapas2go.net\/wp-content\/uploads\/2023\/07\/number-2-120x120.webp 120w, https:\/\/tapas2go.net\/wp-content\/uploads\/2023\/07\/number-2-400x400.webp 400w, https:\/\/tapas2go.net\/wp-content\/uploads\/2023\/07\/number-2-100x100.webp 100w\" sizes=\"(max-width: 512px) 100vw, 512px\" \/>\t\t\t\t\t\t\t\t\t\t\t\t\t\t\t<\/div>\n\t\t\t\t<\/div>\n\t\t\t\t<div class=\"elementor-element elementor-element-e585157 elementor-widget elementor-widget-text-editor\" data-id=\"e585157\" data-element_type=\"widget\" data-e-type=\"widget\" data-settings=\"{&quot;ekit_we_effect_on&quot;:&quot;none&quot;}\" data-widget_type=\"text-editor.default\">\n\t\t\t\t<div class=\"elementor-widget-container\">\n\t\t\t\t\t\t\t\t\t<p>Verifica tu pedido, ve al carrito, all\u00ed podr\u00e1s realizar cambios en tu pedido, elegir forma de pago y tipo de env\u00edo (recogida o entrega a domicilio).<\/p>\t\t\t\t\t\t\t\t<\/div>\n\t\t\t\t<\/div>\n\t\t\t\t<div class=\"elementor-element elementor-element-b397c95 elementor-widget elementor-widget-image\" data-id=\"b397c95\" data-element_type=\"widget\" data-e-type=\"widget\" data-settings=\"{&quot;ekit_we_effect_on&quot;:&quot;none&quot;}\" data-widget_type=\"image.default\">\n\t\t\t\t<div class=\"elementor-widget-container\">\n\t\t\t\t\t\t\t\t\t\t\t\t\t\t\t<img loading=\"lazy\" decoding=\"async\" width=\"512\" height=\"512\" src=\"https:\/\/tapas2go.net\/wp-content\/uploads\/2023\/07\/mobile-payment.webp\" class=\"attachment-full size-full wp-image-4755\" alt=\"\" srcset=\"https:\/\/tapas2go.net\/wp-content\/uploads\/2023\/07\/mobile-payment.webp 512w, https:\/\/tapas2go.net\/wp-content\/uploads\/2023\/07\/mobile-payment-300x300.webp 300w, https:\/\/tapas2go.net\/wp-content\/uploads\/2023\/07\/mobile-payment-150x150.webp 150w, https:\/\/tapas2go.net\/wp-content\/uploads\/2023\/07\/mobile-payment-120x120.webp 120w, https:\/\/tapas2go.net\/wp-content\/uploads\/2023\/07\/mobile-payment-400x400.webp 400w, https:\/\/tapas2go.net\/wp-content\/uploads\/2023\/07\/mobile-payment-100x100.webp 100w\" sizes=\"(max-width: 512px) 100vw, 512px\" \/>\t\t\t\t\t\t\t\t\t\t\t\t\t\t\t<\/div>\n\t\t\t\t<\/div>\n\t\t\t\t<\/div>\n\t\t<div data-particle_enable=\"false\" data-particle-mobile-disabled=\"false\" class=\"elementor-element elementor-element-10e1bc8 e-con-full e-flex e-con e-child\" data-id=\"10e1bc8\" data-element_type=\"container\" data-e-type=\"container\" data-settings=\"{&quot;ekit_has_onepagescroll_dot&quot;:&quot;yes&quot;}\">\n\t\t\t\t<div class=\"elementor-element elementor-element-ff68bcb elementor-widget elementor-widget-image\" data-id=\"ff68bcb\" data-element_type=\"widget\" data-e-type=\"widget\" data-settings=\"{&quot;ekit_we_effect_on&quot;:&quot;none&quot;}\" data-widget_type=\"image.default\">\n\t\t\t\t<div class=\"elementor-widget-container\">\n\t\t\t\t\t\t\t\t\t\t\t\t\t\t\t<img loading=\"lazy\" decoding=\"async\" width=\"512\" height=\"512\" src=\"https:\/\/tapas2go.net\/wp-content\/uploads\/2023\/07\/number-3.webp\" class=\"attachment-full size-full wp-image-4750\" alt=\"\" srcset=\"https:\/\/tapas2go.net\/wp-content\/uploads\/2023\/07\/number-3.webp 512w, https:\/\/tapas2go.net\/wp-content\/uploads\/2023\/07\/number-3-300x300.webp 300w, https:\/\/tapas2go.net\/wp-content\/uploads\/2023\/07\/number-3-150x150.webp 150w, https:\/\/tapas2go.net\/wp-content\/uploads\/2023\/07\/number-3-120x120.webp 120w, https:\/\/tapas2go.net\/wp-content\/uploads\/2023\/07\/number-3-400x400.webp 400w, https:\/\/tapas2go.net\/wp-content\/uploads\/2023\/07\/number-3-100x100.webp 100w\" sizes=\"(max-width: 512px) 100vw, 512px\" \/>\t\t\t\t\t\t\t\t\t\t\t\t\t\t\t<\/div>\n\t\t\t\t<\/div>\n\t\t\t\t<div class=\"elementor-element elementor-element-b99880a elementor-widget elementor-widget-text-editor\" data-id=\"b99880a\" data-element_type=\"widget\" data-e-type=\"widget\" data-settings=\"{&quot;ekit_we_effect_on&quot;:&quot;none&quot;}\" data-widget_type=\"text-editor.default\">\n\t\t\t\t<div class=\"elementor-widget-container\">\n\t\t\t\t\t\t\t\t\t<p>Una vez confirmado tu pago, comenzaremos a preparar tu pedido. Cuando est\u00e9 listo, te avisaremos y podr\u00e1s recogerlo o elegir la opci\u00f3n de env\u00edo.<\/p>\t\t\t\t\t\t\t\t<\/div>\n\t\t\t\t<\/div>\n\t\t\t\t<div class=\"elementor-element elementor-element-7814b07 elementor-widget elementor-widget-image\" data-id=\"7814b07\" data-element_type=\"widget\" data-e-type=\"widget\" data-settings=\"{&quot;ekit_we_effect_on&quot;:&quot;none&quot;}\" data-widget_type=\"image.default\">\n\t\t\t\t<div class=\"elementor-widget-container\">\n\t\t\t\t\t\t\t\t\t\t\t\t\t\t\t<img loading=\"lazy\" decoding=\"async\" width=\"512\" height=\"512\" src=\"https:\/\/tapas2go.net\/wp-content\/uploads\/2023\/07\/take-away.webp\" class=\"attachment-full size-full wp-image-4756\" alt=\"\" srcset=\"https:\/\/tapas2go.net\/wp-content\/uploads\/2023\/07\/take-away.webp 512w, https:\/\/tapas2go.net\/wp-content\/uploads\/2023\/07\/take-away-300x300.webp 300w, https:\/\/tapas2go.net\/wp-content\/uploads\/2023\/07\/take-away-150x150.webp 150w, https:\/\/tapas2go.net\/wp-content\/uploads\/2023\/07\/take-away-120x120.webp 120w, https:\/\/tapas2go.net\/wp-content\/uploads\/2023\/07\/take-away-400x400.webp 400w, https:\/\/tapas2go.net\/wp-content\/uploads\/2023\/07\/take-away-100x100.webp 100w\" sizes=\"(max-width: 512px) 100vw, 512px\" \/>\t\t\t\t\t\t\t\t\t\t\t\t\t\t\t<\/div>\n\t\t\t\t<\/div>\n\t\t\t\t<\/div>\n\t\t\t\t<\/div>\n\t\t\t\t<\/div>\n\t\t\t\t<\/div>","protected":false},"excerpt":{"rendered":"<p>Shawarmas, Sandwiches &amp; Burgers Shawarmas XL Size Shawarmas Medium Size Sandwiches Check our entire menu keep ordering tips to order Enter our menu, choose the dishes of your preference, quantity, additional regardless of the specific order and type of product. Verify your order, go to the cart, there you can make changes to your order, [&hellip;]<\/p>\n","protected":false},"author":1,"featured_media":4276,"parent":0,"menu_order":0,"comment_status":"closed","ping_status":"closed","template":"","meta":{"inline_featured_image":false,"footnotes":""},"class_list":["post-2777","page","type-page","status-publish","has-post-thumbnail","hentry"],"jetpack_sharing_enabled":true,"_links":{"self":[{"href":"https:\/\/tapas2go.net\/es\/wp-json\/wp\/v2\/pages\/2777","targetHints":{"allow":["GET"]}}],"collection":[{"href":"https:\/\/tapas2go.net\/es\/wp-json\/wp\/v2\/pages"}],"about":[{"href":"https:\/\/tapas2go.net\/es\/wp-json\/wp\/v2\/types\/page"}],"author":[{"embeddable":true,"href":"https:\/\/tapas2go.net\/es\/wp-json\/wp\/v2\/users\/1"}],"replies":[{"embeddable":true,"href":"https:\/\/tapas2go.net\/es\/wp-json\/wp\/v2\/comments?post=2777"}],"version-history":[{"count":3,"href":"https:\/\/tapas2go.net\/es\/wp-json\/wp\/v2\/pages\/2777\/revisions"}],"predecessor-version":[{"id":6128,"href":"https:\/\/tapas2go.net\/es\/wp-json\/wp\/v2\/pages\/2777\/revisions\/6128"}],"wp:featuredmedia":[{"embeddable":true,"href":"https:\/\/tapas2go.net\/es\/wp-json\/wp\/v2\/media\/4276"}],"wp:attachment":[{"href":"https:\/\/tapas2go.net\/es\/wp-json\/wp\/v2\/media?parent=2777"}],"curies":[{"name":"wp","href":"https:\/\/api.w.org\/{rel}","templated":true}]}}