{"id":2782,"date":"2022-12-19T01:41:40","date_gmt":"2022-12-19T01:41:40","guid":{"rendered":"https:\/\/tapas2go.net\/?page_id=2782"},"modified":"2025-09-02T13:29:52","modified_gmt":"2025-09-02T17:29:52","slug":"for-one-or-share","status":"publish","type":"page","link":"https:\/\/tapas2go.net\/es\/for-one-or-share\/","title":{"rendered":"Para Uno o Compartir"},"content":{"rendered":"<div data-elementor-type=\"wp-page\" data-elementor-id=\"2782\" class=\"elementor elementor-2782\" data-elementor-post-type=\"page\">\n\t\t\t\t\t\t<section data-particle_enable=\"false\" data-particle-mobile-disabled=\"false\" class=\"elementor-section elementor-top-section elementor-element elementor-element-6610c1c elementor-section-full_width elementor-section-height-min-height elementor-section-items-bottom elementor-section-height-default\" data-id=\"6610c1c\" data-element_type=\"section\" data-e-type=\"section\" data-settings=\"{&quot;background_background&quot;:&quot;classic&quot;,&quot;ekit_has_onepagescroll_dot&quot;:&quot;yes&quot;}\">\n\t\t\t\t\t\t\t<div class=\"elementor-background-overlay\"><\/div>\n\t\t\t\t\t\t\t<div class=\"elementor-container elementor-column-gap-wide\">\n\t\t\t\t\t<div class=\"elementor-column elementor-col-100 elementor-top-column elementor-element elementor-element-2e2a6ea\" data-id=\"2e2a6ea\" data-element_type=\"column\" data-e-type=\"column\">\n\t\t\t<div class=\"elementor-widget-wrap elementor-element-populated\">\n\t\t\t\t\t\t<div class=\"elementor-element elementor-element-cf38130 elementor-widget elementor-widget-heading\" data-id=\"cf38130\" data-element_type=\"widget\" data-e-type=\"widget\" data-settings=\"{&quot;ekit_we_effect_on&quot;:&quot;none&quot;}\" data-widget_type=\"heading.default\">\n\t\t\t\t<div class=\"elementor-widget-container\">\n\t\t\t\t\t<h2 class=\"elementor-heading-title elementor-size-default\">Platos para Uno o Compartir<\/h2>\t\t\t\t<\/div>\n\t\t\t\t<\/div>\n\t\t\t\t\t<\/div>\n\t\t<\/div>\n\t\t\t\t\t<\/div>\n\t\t<\/section>\n\t\t<div data-particle_enable=\"false\" data-particle-mobile-disabled=\"false\" class=\"elementor-element elementor-element-17f4752 e-con-full e-flex e-con e-parent\" data-id=\"17f4752\" data-element_type=\"container\" data-e-type=\"container\" data-settings=\"{&quot;ekit_has_onepagescroll_dot&quot;:&quot;yes&quot;}\">\n\t\t<div data-particle_enable=\"false\" data-particle-mobile-disabled=\"false\" class=\"elementor-element elementor-element-4e6d94a e-con-full e-flex e-con e-child\" data-id=\"4e6d94a\" data-element_type=\"container\" data-e-type=\"container\" data-settings=\"{&quot;ekit_has_onepagescroll_dot&quot;:&quot;yes&quot;}\">\n\t\t\t\t<div class=\"elementor-element elementor-element-152d589 elementor-widget elementor-widget-heading\" data-id=\"152d589\" data-element_type=\"widget\" data-e-type=\"widget\" data-settings=\"{&quot;ekit_we_effect_on&quot;:&quot;none&quot;}\" data-widget_type=\"heading.default\">\n\t\t\t\t<div class=\"elementor-widget-container\">\n\t\t\t\t\t<h2 class=\"elementor-heading-title elementor-size-default\">Platos para Uno<\/h2>\t\t\t\t<\/div>\n\t\t\t\t<\/div>\n\t\t\t\t<div class=\"elementor-element elementor-element-8e35d7a elementor-widget-divider--view-line elementor-widget elementor-widget-divider\" data-id=\"8e35d7a\" data-element_type=\"widget\" data-e-type=\"widget\" data-settings=\"{&quot;ekit_we_effect_on&quot;:&quot;none&quot;}\" data-widget_type=\"divider.default\">\n\t\t\t\t<div class=\"elementor-widget-container\">\n\t\t\t\t\t\t\t<div class=\"elementor-divider\">\n\t\t\t<span class=\"elementor-divider-separator\">\n\t\t\t\t\t\t<\/span>\n\t\t<\/div>\n\t\t\t\t\t\t<\/div>\n\t\t\t\t<\/div>\n\t\t\t\t<div class=\"elementor-element elementor-element-f6d3c03 elementor-widget__width-initial elementor-widget elementor-widget-shortcode\" data-id=\"f6d3c03\" data-element_type=\"widget\" data-e-type=\"widget\" data-settings=\"{&quot;ekit_we_effect_on&quot;:&quot;none&quot;}\" data-widget_type=\"shortcode.default\">\n\t\t\t\t<div class=\"elementor-widget-container\">\n\t\t\t\t\t\t\t<div class=\"elementor-shortcode\"><\/div>\n\t\t\t\t\t\t<\/div>\n\t\t\t\t<\/div>\n\t\t\t\t<\/div>\n\t\t\t\t<\/div>\n\t\t<div data-particle_enable=\"false\" data-particle-mobile-disabled=\"false\" class=\"elementor-element elementor-element-ff7b350 e-con-full e-flex e-con e-parent\" data-id=\"ff7b350\" data-element_type=\"container\" data-e-type=\"container\" data-settings=\"{&quot;ekit_has_onepagescroll_dot&quot;:&quot;yes&quot;}\">\n\t\t<div data-particle_enable=\"false\" data-particle-mobile-disabled=\"false\" class=\"elementor-element elementor-element-7f1e298 e-con-full e-flex e-con e-child\" data-id=\"7f1e298\" data-element_type=\"container\" data-e-type=\"container\" data-settings=\"{&quot;ekit_has_onepagescroll_dot&quot;:&quot;yes&quot;}\">\n\t\t\t\t<div class=\"elementor-element elementor-element-62beb3c elementor-widget elementor-widget-heading\" data-id=\"62beb3c\" data-element_type=\"widget\" data-e-type=\"widget\" data-settings=\"{&quot;ekit_we_effect_on&quot;:&quot;none&quot;}\" data-widget_type=\"heading.default\">\n\t\t\t\t<div class=\"elementor-widget-container\">\n\t\t\t\t\t<h2 class=\"elementor-heading-title elementor-size-default\">Platos para Compartir<\/h2>\t\t\t\t<\/div>\n\t\t\t\t<\/div>\n\t\t\t\t<div class=\"elementor-element elementor-element-d4f9759 elementor-widget-divider--view-line elementor-widget elementor-widget-divider\" data-id=\"d4f9759\" data-element_type=\"widget\" data-e-type=\"widget\" data-settings=\"{&quot;ekit_we_effect_on&quot;:&quot;none&quot;}\" data-widget_type=\"divider.default\">\n\t\t\t\t<div class=\"elementor-widget-container\">\n\t\t\t\t\t\t\t<div class=\"elementor-divider\">\n\t\t\t<span class=\"elementor-divider-separator\">\n\t\t\t\t\t\t<\/span>\n\t\t<\/div>\n\t\t\t\t\t\t<\/div>\n\t\t\t\t<\/div>\n\t\t\t\t<div class=\"elementor-element elementor-element-0ee2918 elementor-widget__width-initial elementor-widget elementor-widget-shortcode\" data-id=\"0ee2918\" data-element_type=\"widget\" data-e-type=\"widget\" data-settings=\"{&quot;ekit_we_effect_on&quot;:&quot;none&quot;}\" data-widget_type=\"shortcode.default\">\n\t\t\t\t<div class=\"elementor-widget-container\">\n\t\t\t\t\t\t\t<div class=\"elementor-shortcode\"><\/div>\n\t\t\t\t\t\t<\/div>\n\t\t\t\t<\/div>\n\t\t\t\t<\/div>\n\t\t\t\t<\/div>\n\t\t<div data-particle_enable=\"false\" data-particle-mobile-disabled=\"false\" class=\"elementor-element elementor-element-f873200 e-con-full e-flex e-con e-parent\" data-id=\"f873200\" data-element_type=\"container\" data-e-type=\"container\" data-settings=\"{&quot;ekit_has_onepagescroll_dot&quot;:&quot;yes&quot;}\">\n\t\t<div data-particle_enable=\"false\" data-particle-mobile-disabled=\"false\" class=\"elementor-element elementor-element-6dc598a e-con-full e-flex e-con e-child\" data-id=\"6dc598a\" data-element_type=\"container\" data-e-type=\"container\" data-settings=\"{&quot;ekit_has_onepagescroll_dot&quot;:&quot;yes&quot;}\">\n\t\t\t\t<div class=\"elementor-element elementor-element-ca332cb elementor-widget elementor-widget-heading\" data-id=\"ca332cb\" data-element_type=\"widget\" data-e-type=\"widget\" data-settings=\"{&quot;ekit_we_effect_on&quot;:&quot;none&quot;}\" data-widget_type=\"heading.default\">\n\t\t\t\t<div class=\"elementor-widget-container\">\n\t\t\t\t\t<h2 class=\"elementor-heading-title elementor-size-default\">Mira nuestro Men\u00fa completo<\/h2>\t\t\t\t<\/div>\n\t\t\t\t<\/div>\n\t\t\t\t<div class=\"elementor-element elementor-element-7a0297b elementor-widget-divider--view-line elementor-widget elementor-widget-divider\" data-id=\"7a0297b\" data-element_type=\"widget\" data-e-type=\"widget\" data-settings=\"{&quot;ekit_we_effect_on&quot;:&quot;none&quot;}\" data-widget_type=\"divider.default\">\n\t\t\t\t<div class=\"elementor-widget-container\">\n\t\t\t\t\t\t\t<div class=\"elementor-divider\">\n\t\t\t<span class=\"elementor-divider-separator\">\n\t\t\t\t\t\t<\/span>\n\t\t<\/div>\n\t\t\t\t\t\t<\/div>\n\t\t\t\t<\/div>\n\t\t\t\t<div class=\"elementor-element elementor-element-46d09fe elementor-align-center elementor-widget elementor-widget-button\" data-id=\"46d09fe\" data-element_type=\"widget\" data-e-type=\"widget\" data-settings=\"{&quot;ekit_we_effect_on&quot;:&quot;none&quot;}\" data-widget_type=\"button.default\">\n\t\t\t\t<div class=\"elementor-widget-container\">\n\t\t\t\t\t\t\t\t\t<div class=\"elementor-button-wrapper\">\n\t\t\t\t\t<a class=\"elementor-button elementor-button-link elementor-size-sm\" href=\"https:\/\/tapas2go.net\/es\/\">\n\t\t\t\t\t\t<span class=\"elementor-button-content-wrapper\">\n\t\t\t\t\t\t\t\t\t<span class=\"elementor-button-text\">Sigue ordenando<\/span>\n\t\t\t\t\t<\/span>\n\t\t\t\t\t<\/a>\n\t\t\t\t<\/div>\n\t\t\t\t\t\t\t\t<\/div>\n\t\t\t\t<\/div>\n\t\t\t\t<\/div>\n\t\t\t\t<\/div>\n\t\t<div data-particle_enable=\"false\" data-particle-mobile-disabled=\"false\" class=\"elementor-element elementor-element-d38f744 e-con-full e-flex e-con e-parent\" data-id=\"d38f744\" data-element_type=\"container\" data-e-type=\"container\" data-settings=\"{&quot;ekit_has_onepagescroll_dot&quot;:&quot;yes&quot;}\">\n\t\t<div data-particle_enable=\"false\" data-particle-mobile-disabled=\"false\" class=\"elementor-element elementor-element-0a15de9 e-con-full e-flex e-con e-child\" data-id=\"0a15de9\" data-element_type=\"container\" data-e-type=\"container\" data-settings=\"{&quot;ekit_has_onepagescroll_dot&quot;:&quot;yes&quot;}\">\n\t\t\t\t<div class=\"elementor-element elementor-element-a24724f elementor-widget elementor-widget-heading\" data-id=\"a24724f\" data-element_type=\"widget\" data-e-type=\"widget\" data-settings=\"{&quot;ekit_we_effect_on&quot;:&quot;none&quot;}\" data-widget_type=\"heading.default\">\n\t\t\t\t<div class=\"elementor-widget-container\">\n\t\t\t\t\t<h2 class=\"elementor-heading-title elementor-size-default\">Tips para Ordenar<\/h2>\t\t\t\t<\/div>\n\t\t\t\t<\/div>\n\t\t\t\t<div class=\"elementor-element elementor-element-b2730e3 elementor-widget-divider--view-line elementor-widget elementor-widget-divider\" data-id=\"b2730e3\" data-element_type=\"widget\" data-e-type=\"widget\" data-settings=\"{&quot;ekit_we_effect_on&quot;:&quot;none&quot;}\" data-widget_type=\"divider.default\">\n\t\t\t\t<div class=\"elementor-widget-container\">\n\t\t\t\t\t\t\t<div class=\"elementor-divider\">\n\t\t\t<span class=\"elementor-divider-separator\">\n\t\t\t\t\t\t<\/span>\n\t\t<\/div>\n\t\t\t\t\t\t<\/div>\n\t\t\t\t<\/div>\n\t\t\t\t<\/div>\n\t\t<div data-particle_enable=\"false\" data-particle-mobile-disabled=\"false\" class=\"elementor-element elementor-element-7878bcd e-con-full e-flex e-con e-child\" data-id=\"7878bcd\" data-element_type=\"container\" data-e-type=\"container\" data-settings=\"{&quot;ekit_has_onepagescroll_dot&quot;:&quot;yes&quot;}\">\n\t\t<div data-particle_enable=\"false\" data-particle-mobile-disabled=\"false\" class=\"elementor-element elementor-element-250501d e-con-full e-flex e-con e-child\" data-id=\"250501d\" data-element_type=\"container\" data-e-type=\"container\" data-settings=\"{&quot;ekit_has_onepagescroll_dot&quot;:&quot;yes&quot;}\">\n\t\t\t\t<div class=\"elementor-element elementor-element-bff4d5c elementor-widget elementor-widget-image\" data-id=\"bff4d5c\" data-element_type=\"widget\" data-e-type=\"widget\" data-settings=\"{&quot;ekit_we_effect_on&quot;:&quot;none&quot;}\" data-widget_type=\"image.default\">\n\t\t\t\t<div class=\"elementor-widget-container\">\n\t\t\t\t\t\t\t\t\t\t\t\t\t\t\t<img fetchpriority=\"high\" decoding=\"async\" width=\"512\" height=\"512\" src=\"https:\/\/tapas2go.net\/wp-content\/uploads\/2023\/07\/number-one.webp\" class=\"attachment-full size-full wp-image-4748\" alt=\"\" srcset=\"https:\/\/tapas2go.net\/wp-content\/uploads\/2023\/07\/number-one.webp 512w, https:\/\/tapas2go.net\/wp-content\/uploads\/2023\/07\/number-one-300x300.webp 300w, https:\/\/tapas2go.net\/wp-content\/uploads\/2023\/07\/number-one-150x150.webp 150w, https:\/\/tapas2go.net\/wp-content\/uploads\/2023\/07\/number-one-120x120.webp 120w, https:\/\/tapas2go.net\/wp-content\/uploads\/2023\/07\/number-one-400x400.webp 400w, https:\/\/tapas2go.net\/wp-content\/uploads\/2023\/07\/number-one-100x100.webp 100w\" sizes=\"(max-width: 512px) 100vw, 512px\" \/>\t\t\t\t\t\t\t\t\t\t\t\t\t\t\t<\/div>\n\t\t\t\t<\/div>\n\t\t\t\t<div class=\"elementor-element elementor-element-c9ffc0a elementor-widget elementor-widget-text-editor\" data-id=\"c9ffc0a\" data-element_type=\"widget\" data-e-type=\"widget\" data-settings=\"{&quot;ekit_we_effect_on&quot;:&quot;none&quot;}\" data-widget_type=\"text-editor.default\">\n\t\t\t\t<div class=\"elementor-widget-container\">\n\t\t\t\t\t\t\t\t\t<p>Ingresa a nuestro men\u00fa, elige los platillos de tu preferencia, cantidad, adicionales sin importar el pedido espec\u00edfico y tipo de producto.<\/p>\t\t\t\t\t\t\t\t<\/div>\n\t\t\t\t<\/div>\n\t\t\t\t<div class=\"elementor-element elementor-element-01db5ce elementor-widget elementor-widget-image\" data-id=\"01db5ce\" data-element_type=\"widget\" data-e-type=\"widget\" data-settings=\"{&quot;ekit_we_effect_on&quot;:&quot;none&quot;}\" data-widget_type=\"image.default\">\n\t\t\t\t<div class=\"elementor-widget-container\">\n\t\t\t\t\t\t\t\t\t\t\t\t\t\t\t<img decoding=\"async\" width=\"512\" height=\"512\" src=\"https:\/\/tapas2go.net\/wp-content\/uploads\/2023\/07\/food-service.webp\" class=\"attachment-full size-full wp-image-4754\" alt=\"\" srcset=\"https:\/\/tapas2go.net\/wp-content\/uploads\/2023\/07\/food-service.webp 512w, https:\/\/tapas2go.net\/wp-content\/uploads\/2023\/07\/food-service-300x300.webp 300w, https:\/\/tapas2go.net\/wp-content\/uploads\/2023\/07\/food-service-150x150.webp 150w, https:\/\/tapas2go.net\/wp-content\/uploads\/2023\/07\/food-service-120x120.webp 120w, https:\/\/tapas2go.net\/wp-content\/uploads\/2023\/07\/food-service-400x400.webp 400w, https:\/\/tapas2go.net\/wp-content\/uploads\/2023\/07\/food-service-100x100.webp 100w\" sizes=\"(max-width: 512px) 100vw, 512px\" \/>\t\t\t\t\t\t\t\t\t\t\t\t\t\t\t<\/div>\n\t\t\t\t<\/div>\n\t\t\t\t<\/div>\n\t\t<div data-particle_enable=\"false\" data-particle-mobile-disabled=\"false\" class=\"elementor-element elementor-element-f5622e7 e-con-full e-flex e-con e-child\" data-id=\"f5622e7\" data-element_type=\"container\" data-e-type=\"container\" data-settings=\"{&quot;ekit_has_onepagescroll_dot&quot;:&quot;yes&quot;}\">\n\t\t\t\t<div class=\"elementor-element elementor-element-ba60949 elementor-widget elementor-widget-image\" data-id=\"ba60949\" data-element_type=\"widget\" data-e-type=\"widget\" data-settings=\"{&quot;ekit_we_effect_on&quot;:&quot;none&quot;}\" data-widget_type=\"image.default\">\n\t\t\t\t<div class=\"elementor-widget-container\">\n\t\t\t\t\t\t\t\t\t\t\t\t\t\t\t<img decoding=\"async\" width=\"512\" height=\"512\" src=\"https:\/\/tapas2go.net\/wp-content\/uploads\/2023\/07\/number-2.webp\" class=\"attachment-full size-full wp-image-4749\" alt=\"\" srcset=\"https:\/\/tapas2go.net\/wp-content\/uploads\/2023\/07\/number-2.webp 512w, https:\/\/tapas2go.net\/wp-content\/uploads\/2023\/07\/number-2-300x300.webp 300w, https:\/\/tapas2go.net\/wp-content\/uploads\/2023\/07\/number-2-150x150.webp 150w, https:\/\/tapas2go.net\/wp-content\/uploads\/2023\/07\/number-2-120x120.webp 120w, https:\/\/tapas2go.net\/wp-content\/uploads\/2023\/07\/number-2-400x400.webp 400w, https:\/\/tapas2go.net\/wp-content\/uploads\/2023\/07\/number-2-100x100.webp 100w\" sizes=\"(max-width: 512px) 100vw, 512px\" \/>\t\t\t\t\t\t\t\t\t\t\t\t\t\t\t<\/div>\n\t\t\t\t<\/div>\n\t\t\t\t<div class=\"elementor-element elementor-element-9b93d7a elementor-widget elementor-widget-text-editor\" data-id=\"9b93d7a\" data-element_type=\"widget\" data-e-type=\"widget\" data-settings=\"{&quot;ekit_we_effect_on&quot;:&quot;none&quot;}\" data-widget_type=\"text-editor.default\">\n\t\t\t\t<div class=\"elementor-widget-container\">\n\t\t\t\t\t\t\t\t\t<p>Verifica tu pedido, ve al carrito, all\u00ed podr\u00e1s realizar cambios en tu pedido, elegir forma de pago y tipo de env\u00edo (recogida o entrega a domicilio).<\/p>\t\t\t\t\t\t\t\t<\/div>\n\t\t\t\t<\/div>\n\t\t\t\t<div class=\"elementor-element elementor-element-915e856 elementor-widget elementor-widget-image\" data-id=\"915e856\" data-element_type=\"widget\" data-e-type=\"widget\" data-settings=\"{&quot;ekit_we_effect_on&quot;:&quot;none&quot;}\" data-widget_type=\"image.default\">\n\t\t\t\t<div class=\"elementor-widget-container\">\n\t\t\t\t\t\t\t\t\t\t\t\t\t\t\t<img loading=\"lazy\" decoding=\"async\" width=\"512\" height=\"512\" src=\"https:\/\/tapas2go.net\/wp-content\/uploads\/2023\/07\/mobile-payment.webp\" class=\"attachment-full size-full wp-image-4755\" alt=\"\" srcset=\"https:\/\/tapas2go.net\/wp-content\/uploads\/2023\/07\/mobile-payment.webp 512w, https:\/\/tapas2go.net\/wp-content\/uploads\/2023\/07\/mobile-payment-300x300.webp 300w, https:\/\/tapas2go.net\/wp-content\/uploads\/2023\/07\/mobile-payment-150x150.webp 150w, https:\/\/tapas2go.net\/wp-content\/uploads\/2023\/07\/mobile-payment-120x120.webp 120w, https:\/\/tapas2go.net\/wp-content\/uploads\/2023\/07\/mobile-payment-400x400.webp 400w, https:\/\/tapas2go.net\/wp-content\/uploads\/2023\/07\/mobile-payment-100x100.webp 100w\" sizes=\"(max-width: 512px) 100vw, 512px\" \/>\t\t\t\t\t\t\t\t\t\t\t\t\t\t\t<\/div>\n\t\t\t\t<\/div>\n\t\t\t\t<\/div>\n\t\t<div data-particle_enable=\"false\" data-particle-mobile-disabled=\"false\" class=\"elementor-element elementor-element-fc9739e e-con-full e-flex e-con e-child\" data-id=\"fc9739e\" data-element_type=\"container\" data-e-type=\"container\" data-settings=\"{&quot;ekit_has_onepagescroll_dot&quot;:&quot;yes&quot;}\">\n\t\t\t\t<div class=\"elementor-element elementor-element-6facc00 elementor-widget elementor-widget-image\" data-id=\"6facc00\" data-element_type=\"widget\" data-e-type=\"widget\" data-settings=\"{&quot;ekit_we_effect_on&quot;:&quot;none&quot;}\" data-widget_type=\"image.default\">\n\t\t\t\t<div class=\"elementor-widget-container\">\n\t\t\t\t\t\t\t\t\t\t\t\t\t\t\t<img loading=\"lazy\" decoding=\"async\" width=\"512\" height=\"512\" src=\"https:\/\/tapas2go.net\/wp-content\/uploads\/2023\/07\/number-3.webp\" class=\"attachment-full size-full wp-image-4750\" alt=\"\" srcset=\"https:\/\/tapas2go.net\/wp-content\/uploads\/2023\/07\/number-3.webp 512w, https:\/\/tapas2go.net\/wp-content\/uploads\/2023\/07\/number-3-300x300.webp 300w, https:\/\/tapas2go.net\/wp-content\/uploads\/2023\/07\/number-3-150x150.webp 150w, https:\/\/tapas2go.net\/wp-content\/uploads\/2023\/07\/number-3-120x120.webp 120w, https:\/\/tapas2go.net\/wp-content\/uploads\/2023\/07\/number-3-400x400.webp 400w, https:\/\/tapas2go.net\/wp-content\/uploads\/2023\/07\/number-3-100x100.webp 100w\" sizes=\"(max-width: 512px) 100vw, 512px\" \/>\t\t\t\t\t\t\t\t\t\t\t\t\t\t\t<\/div>\n\t\t\t\t<\/div>\n\t\t\t\t<div class=\"elementor-element elementor-element-778217c elementor-widget elementor-widget-text-editor\" data-id=\"778217c\" data-element_type=\"widget\" data-e-type=\"widget\" data-settings=\"{&quot;ekit_we_effect_on&quot;:&quot;none&quot;}\" data-widget_type=\"text-editor.default\">\n\t\t\t\t<div class=\"elementor-widget-container\">\n\t\t\t\t\t\t\t\t\t<p>Una vez confirmado tu pago, comenzaremos a preparar tu pedido. Cuando est\u00e9 listo, te avisaremos y podr\u00e1s recogerlo o elegir la opci\u00f3n de env\u00edo.<\/p>\t\t\t\t\t\t\t\t<\/div>\n\t\t\t\t<\/div>\n\t\t\t\t<div class=\"elementor-element elementor-element-9b49850 elementor-widget elementor-widget-image\" data-id=\"9b49850\" data-element_type=\"widget\" data-e-type=\"widget\" data-settings=\"{&quot;ekit_we_effect_on&quot;:&quot;none&quot;}\" data-widget_type=\"image.default\">\n\t\t\t\t<div class=\"elementor-widget-container\">\n\t\t\t\t\t\t\t\t\t\t\t\t\t\t\t<img loading=\"lazy\" decoding=\"async\" width=\"512\" height=\"512\" src=\"https:\/\/tapas2go.net\/wp-content\/uploads\/2023\/07\/take-away.webp\" class=\"attachment-full size-full wp-image-4756\" alt=\"\" srcset=\"https:\/\/tapas2go.net\/wp-content\/uploads\/2023\/07\/take-away.webp 512w, https:\/\/tapas2go.net\/wp-content\/uploads\/2023\/07\/take-away-300x300.webp 300w, https:\/\/tapas2go.net\/wp-content\/uploads\/2023\/07\/take-away-150x150.webp 150w, https:\/\/tapas2go.net\/wp-content\/uploads\/2023\/07\/take-away-120x120.webp 120w, https:\/\/tapas2go.net\/wp-content\/uploads\/2023\/07\/take-away-400x400.webp 400w, https:\/\/tapas2go.net\/wp-content\/uploads\/2023\/07\/take-away-100x100.webp 100w\" sizes=\"(max-width: 512px) 100vw, 512px\" \/>\t\t\t\t\t\t\t\t\t\t\t\t\t\t\t<\/div>\n\t\t\t\t<\/div>\n\t\t\t\t<\/div>\n\t\t\t\t<\/div>\n\t\t\t\t<\/div>\n\t\t\t\t<\/div>","protected":false},"excerpt":{"rendered":"<p>Plates For One or Share Plates for One Platters for Share Check our entire menu keep ordering tips to order Enter our menu, choose the dishes of your preference, quantity, additional regardless of the specific order and type of product. Verify your order, go to the cart, there you can make changes to your order, [&hellip;]<\/p>\n","protected":false},"author":1,"featured_media":4205,"parent":0,"menu_order":0,"comment_status":"closed","ping_status":"closed","template":"","meta":{"inline_featured_image":false,"footnotes":""},"class_list":["post-2782","page","type-page","status-publish","has-post-thumbnail","hentry"],"jetpack_sharing_enabled":true,"_links":{"self":[{"href":"https:\/\/tapas2go.net\/es\/wp-json\/wp\/v2\/pages\/2782","targetHints":{"allow":["GET"]}}],"collection":[{"href":"https:\/\/tapas2go.net\/es\/wp-json\/wp\/v2\/pages"}],"about":[{"href":"https:\/\/tapas2go.net\/es\/wp-json\/wp\/v2\/types\/page"}],"author":[{"embeddable":true,"href":"https:\/\/tapas2go.net\/es\/wp-json\/wp\/v2\/users\/1"}],"replies":[{"embeddable":true,"href":"https:\/\/tapas2go.net\/es\/wp-json\/wp\/v2\/comments?post=2782"}],"version-history":[{"count":6,"href":"https:\/\/tapas2go.net\/es\/wp-json\/wp\/v2\/pages\/2782\/revisions"}],"predecessor-version":[{"id":6140,"href":"https:\/\/tapas2go.net\/es\/wp-json\/wp\/v2\/pages\/2782\/revisions\/6140"}],"wp:featuredmedia":[{"embeddable":true,"href":"https:\/\/tapas2go.net\/es\/wp-json\/wp\/v2\/media\/4205"}],"wp:attachment":[{"href":"https:\/\/tapas2go.net\/es\/wp-json\/wp\/v2\/media?parent=2782"}],"curies":[{"name":"wp","href":"https:\/\/api.w.org\/{rel}","templated":true}]}}