{"id":2387,"date":"2022-12-16T20:10:28","date_gmt":"2022-12-17T00:10:28","guid":{"rendered":"https:\/\/tapas2go.net\/index.php\/product\/falafel-platter\/"},"modified":"2026-01-10T17:15:43","modified_gmt":"2026-01-10T21:15:43","slug":"falafel-platter","status":"publish","type":"product","link":"https:\/\/tapas2go.net\/es\/producto\/falafel-platter\/","title":{"rendered":"Plato de Falafel"},"content":{"rendered":"<p class=\"translation-block\">El falafel se hace con garbanzos y otros ingredientes. \u00a1Es riqu\u00edsimo y tiene much\u00edsima prote\u00edna! En <a href=\"https:\/\/www.instagram.com\/tapas2go\/\">@tapas2go<\/a>, \u00a1tenemos el falafel m\u00e1s rico y crujiente!<\/p>\n<p class=\"translation-block\"><strong>Incluye:<\/strong> Cinco (5) croquetas de falafel, pan pita, ensalada tabbouleh, hummus, tahini y crema de ajo.<\/p>","protected":false},"excerpt":{"rendered":"<p class=\"translation-block\">El falafel se hace con garbanzos y otros ingredientes. \u00a1Es riqu\u00edsimo y tiene much\u00edsima prote\u00edna! En <a href=\"https:\/\/www.instagram.com\/tapas2go\/\">@tapas2go<\/a>, \u00a1tenemos el falafel m\u00e1s rico y crujiente!<\/p>\n<p class=\"translation-block\"><strong>Incluye:<\/strong> Cinco (5) croquetas de falafel, pan pita, ensalada tabbouleh, hummus, tahini y crema de ajo.<\/p>","protected":false},"featured_media":4603,"comment_status":"closed","ping_status":"closed","template":"","meta":{"inline_featured_image":false},"product_brand":[],"product_cat":[27],"product_tag":[],"class_list":{"0":"post-2387","1":"product","2":"type-product","3":"status-publish","4":"has-post-thumbnail","6":"product_cat-plates-for-one","8":"first","9":"instock","10":"featured","11":"taxable","12":"shipping-taxable","13":"purchasable","14":"product-type-simple"},"jetpack_sharing_enabled":true,"_links":{"self":[{"href":"https:\/\/tapas2go.net\/es\/wp-json\/wp\/v2\/product\/2387","targetHints":{"allow":["GET"]}}],"collection":[{"href":"https:\/\/tapas2go.net\/es\/wp-json\/wp\/v2\/product"}],"about":[{"href":"https:\/\/tapas2go.net\/es\/wp-json\/wp\/v2\/types\/product"}],"replies":[{"embeddable":true,"href":"https:\/\/tapas2go.net\/es\/wp-json\/wp\/v2\/comments?post=2387"}],"wp:featuredmedia":[{"embeddable":true,"href":"https:\/\/tapas2go.net\/es\/wp-json\/wp\/v2\/media\/4603"}],"wp:attachment":[{"href":"https:\/\/tapas2go.net\/es\/wp-json\/wp\/v2\/media?parent=2387"}],"wp:term":[{"taxonomy":"product_brand","embeddable":true,"href":"https:\/\/tapas2go.net\/es\/wp-json\/wp\/v2\/product_brand?post=2387"},{"taxonomy":"product_cat","embeddable":true,"href":"https:\/\/tapas2go.net\/es\/wp-json\/wp\/v2\/product_cat?post=2387"},{"taxonomy":"product_tag","embeddable":true,"href":"https:\/\/tapas2go.net\/es\/wp-json\/wp\/v2\/product_tag?post=2387"}],"curies":[{"name":"wp","href":"https:\/\/api.w.org\/{rel}","templated":true}]}}