{"id":2421,"date":"2022-12-17T00:10:45","date_gmt":"2022-12-17T00:10:45","guid":{"rendered":"https:\/\/tapas2go.net\/index.php\/product\/corn-tequenos-6-pcs\/"},"modified":"2025-09-05T19:50:49","modified_gmt":"2025-09-05T23:50:49","slug":"corn-tequenos-6-pcs","status":"publish","type":"product","link":"https:\/\/tapas2go.net\/es\/producto\/corn-tequenos-6-pcs\/","title":{"rendered":"Teque\u00f1os de Ma\u00edz (6 piezas)"},"content":{"rendered":"<p>Palitos de ma\u00edz con Queso y Nata Venezolana espesa.<\/p>","protected":false},"excerpt":{"rendered":"<p>Palitos de ma\u00edz con Queso y Nata Venezolana espesa.<\/p>","protected":false},"featured_media":4622,"comment_status":"closed","ping_status":"closed","template":"","meta":{"inline_featured_image":false},"product_brand":[],"product_cat":[34],"product_tag":[],"class_list":{"0":"post-2421","1":"product","2":"type-product","3":"status-publish","4":"has-post-thumbnail","6":"product_cat-venezuelan-appetizers","8":"first","9":"outofstock","10":"taxable","11":"shipping-taxable","12":"purchasable","13":"product-type-simple"},"jetpack_sharing_enabled":true,"_links":{"self":[{"href":"https:\/\/tapas2go.net\/es\/wp-json\/wp\/v2\/product\/2421","targetHints":{"allow":["GET"]}}],"collection":[{"href":"https:\/\/tapas2go.net\/es\/wp-json\/wp\/v2\/product"}],"about":[{"href":"https:\/\/tapas2go.net\/es\/wp-json\/wp\/v2\/types\/product"}],"replies":[{"embeddable":true,"href":"https:\/\/tapas2go.net\/es\/wp-json\/wp\/v2\/comments?post=2421"}],"wp:featuredmedia":[{"embeddable":true,"href":"https:\/\/tapas2go.net\/es\/wp-json\/wp\/v2\/media\/4622"}],"wp:attachment":[{"href":"https:\/\/tapas2go.net\/es\/wp-json\/wp\/v2\/media?parent=2421"}],"wp:term":[{"taxonomy":"product_brand","embeddable":true,"href":"https:\/\/tapas2go.net\/es\/wp-json\/wp\/v2\/product_brand?post=2421"},{"taxonomy":"product_cat","embeddable":true,"href":"https:\/\/tapas2go.net\/es\/wp-json\/wp\/v2\/product_cat?post=2421"},{"taxonomy":"product_tag","embeddable":true,"href":"https:\/\/tapas2go.net\/es\/wp-json\/wp\/v2\/product_tag?post=2421"}],"curies":[{"name":"wp","href":"https:\/\/api.w.org\/{rel}","templated":true}]}}