{"id":4863,"date":"2023-07-26T12:57:05","date_gmt":"2023-07-26T16:57:05","guid":{"rendered":"https:\/\/tapas2go.net\/?post_type=product&#038;p=4863"},"modified":"2024-11-13T13:24:56","modified_gmt":"2024-11-13T18:24:56","slug":"muhammara-5oz-12oz","status":"publish","type":"product","link":"https:\/\/tapas2go.net\/es\/producto\/muhammara-5oz-12oz\/","title":{"rendered":"Muhammara 5oz y 12oz"},"content":{"rendered":"<p>La crema m\u00e1s deliciosa a base de pimientos con el sabor inconfundible del Mediterr\u00e1neo en su presentaci\u00f3n de 12 oz.<\/p>","protected":false},"excerpt":{"rendered":"<p>La crema m\u00e1s deliciosa a base de pimientos con el sabor inconfundible del Mediterr\u00e1neo en su presentaci\u00f3n de 12 oz.<\/p>","protected":false},"featured_media":4608,"comment_status":"open","ping_status":"closed","template":"","meta":{"inline_featured_image":false},"product_brand":[],"product_cat":[21],"product_tag":[],"class_list":{"0":"post-4863","1":"product","2":"type-product","3":"status-publish","4":"has-post-thumbnail","6":"product_cat-dips-sauces","8":"first","9":"instock","10":"taxable","11":"shipping-taxable","12":"purchasable","13":"product-type-variable"},"jetpack_sharing_enabled":true,"_links":{"self":[{"href":"https:\/\/tapas2go.net\/es\/wp-json\/wp\/v2\/product\/4863","targetHints":{"allow":["GET"]}}],"collection":[{"href":"https:\/\/tapas2go.net\/es\/wp-json\/wp\/v2\/product"}],"about":[{"href":"https:\/\/tapas2go.net\/es\/wp-json\/wp\/v2\/types\/product"}],"replies":[{"embeddable":true,"href":"https:\/\/tapas2go.net\/es\/wp-json\/wp\/v2\/comments?post=4863"}],"wp:featuredmedia":[{"embeddable":true,"href":"https:\/\/tapas2go.net\/es\/wp-json\/wp\/v2\/media\/4608"}],"wp:attachment":[{"href":"https:\/\/tapas2go.net\/es\/wp-json\/wp\/v2\/media?parent=4863"}],"wp:term":[{"taxonomy":"product_brand","embeddable":true,"href":"https:\/\/tapas2go.net\/es\/wp-json\/wp\/v2\/product_brand?post=4863"},{"taxonomy":"product_cat","embeddable":true,"href":"https:\/\/tapas2go.net\/es\/wp-json\/wp\/v2\/product_cat?post=4863"},{"taxonomy":"product_tag","embeddable":true,"href":"https:\/\/tapas2go.net\/es\/wp-json\/wp\/v2\/product_tag?post=4863"}],"curies":[{"name":"wp","href":"https:\/\/api.w.org\/{rel}","templated":true}]}}